{"id":3286,"date":"2018-02-17T23:15:11","date_gmt":"2018-02-17T23:15:11","guid":{"rendered":"https:\/\/valeta.gr\/?page_id=3286"},"modified":"2022-11-29T14:58:54","modified_gmt":"2022-11-29T14:58:54","slug":"home-page","status":"publish","type":"page","link":"https:\/\/valeta.gr\/it\/","title":{"rendered":"Benvenuti"},"content":{"rendered":"<div class=\"wpb-content-wrapper\"><p>[vc_row full_width=&#8221;stretch_row_content_no_spaces&#8221;][vc_column][rev_slider_vc alias=&#8221;slider-1en-1&#8243; el_class=&#8221;color-overlay-slider overlay-opacity-01&#8243;][\/vc_column][\/vc_row][vc_row][vc_column][\/vc_column][\/vc_row][vc_row full_width=&#8221;stretch_row&#8221; css=&#8221;.vc_custom_1531848941252{padding-top: 100px !important;padding-bottom: 100px !important;}&#8221;][vc_column width=&#8221;1\/2&#8243;]\t\t\t<div\r\n\t\t\t\tclass=\"main_title  text-left  \">\r\n\t\t\t\t<h2 class=\"title\">Valeta Studios e Appartamenti<\/h2>\r\n\t\t\t\t\t\t\t\t\t<p class=\"main_description\">Proprio sulla spiaggia!<\/p>\r\n\t\t\t\t\t\t\t<\/div>\r\n\t\t[vc_column_text]<span lang=\"en-US\">I Valeta Studios an<\/span><span lang=\"en-US\">d Apartments ti danno il benvenuto ad Armenistis, un paese pittoresco vicino al mare ad Ikaria, in un posto ideale fra le due spiagge dorate, quella di Livadi e quella di Messakt\u00ec.<\/span><\/p>\n<p><span lang=\"en-US\">Il complesso \u00e8 composto di studios e appartamenti con una vista formidabile al mare, completamente forniti di tutte le comodit\u00e0 moderne per un piacevole soggiorno. Costruito di materiale naturale di Ikaria, basato alla pietra e al legno, trasmette un senso di cordialit\u00e0 e vi offre servizi di alta qualit\u00e0 in accordo agli standard dell\u2019 ospitalit\u00e0 greca. Costruito di materiale naturale di Ikaria, basato alla pietra e al legno, trasmette un senso di cordialit\u00e0 e vi offre servizi di alta qualit\u00e0 in accordo agli standard dell\u2019 ospitalit\u00e0 greca.<\/span><\/p>\n<p><span lang=\"en-US\">Il centro di Armenistis e il villaggio dei pescatori di Gialiscari distano appena pochi metri. Ci potete trovare botteghe turistiche, caff\u00e8 e negozi tradizionali. La zona costituisce un punto ideale di partenza per cominciare a scoprire l\u2019 isola!<\/span><\/p>\n<p><span lang=\"en-US\">Il nostro desdiderio e quello di fornirvi un soggiorno indimenticabile, durante le vostre vacanze in un\u2019 isola unica e inesplorata.<\/span><\/p>\n<p><span lang=\"en-US\">La vista sul mare, l\u2019 architettura, il posto e i servizi, rendono i Valeta Studios and Apartments una scelta ideale per il soggiorno sull\u2019 isola.<\/span>[\/vc_column_text][\/vc_column][vc_column width=&#8221;1\/2&#8243;]\r\n        <div class=\"image-3d-effect\">\r\n          <div class=\"side left\"><\/div>\r\n          <div class=\"side right\"><\/div>\r\n          <div class=\"images\">\r\n                        <div class=\"front-image\" style=\"background-image: url(https:\/\/valeta.gr\/wp-content\/uploads\/2021\/05\/valeta-3-050f2f.jpg)\"><\/div>\r\n                                    <div class=\"back-image\" style=\"background-image: url(https:\/\/valeta.gr\/wp-content\/uploads\/2021\/05\/valeta-3-076f.jpg)\"><\/div>\r\n                      <\/div>\r\n        <\/div>\r\n\r\n\r\n\r\n        [\/vc_column][\/vc_row][vc_row full_width=&#8221;stretch_row&#8221; css=&#8221;.vc_custom_1531849737322{border-top-width: 1px !important;border-bottom-width: 1px !important;padding-top: 100px !important;padding-bottom: 100px !important;background-color: #f1f0ed !important;border-top-color: #ebeae9 !important;border-top-style: solid !important;border-bottom-color: #ebeae9 !important;border-bottom-style: solid !important;}&#8221; el_class=&#8221;gray-bg&#8221;][vc_column]\t\t\t<div\r\n\t\t\t\tclass=\"main_title  text-center  \">\r\n\t\t\t\t<h2 class=\"title\">OUR ROOMS<\/h2>\r\n\t\t\t\t\t\t\t\t\t<p class=\"main_description\">Check out now our best rooms<\/p>\r\n\t\t\t\t\t\t\t<\/div>\r\n\t\t[vc_column_text]Ai Valeta Studios and Apartments crediamo alla vera ospitalit\u00e0 e vogliamo che i nostri ospiti godino un soggiorno pulito, comodo e tranquillo. Il nostro privilegio \u00e8 la piccola distanza dal mare, proprio sul mare Ikario, lontano dal rumore e dal chiasso. In un complesso a due piani, le camere sono costruite con lo stile che si adatta al carattere di Ikaria con un sobrio arredamento di legno e di pietra, combinando con armonia la tradizione e le comodit\u00e0 moderne.[\/vc_column_text]\n            <div class=\"row flex-row\">\n\t                                      <!-- Room Item -->\n                      <div class=\"col-lg-6 col-sm-6\">\n\n                      \r\n<div class=\"room-item \">\r\n\r\n    <figure class=\"room-image gradient-overlay overlay-opacity-02 slide-right-hover\">\r\n                <a href=\"https:\/\/valeta.gr\/it\/rooms\/appartamenti\/\">\r\n            <img decoding=\"async\" src=\"https:\/\/valeta.gr\/wp-content\/uploads\/2021\/05\/DSC_7485-720x470.jpg\" alt=\"Appartamenti\">\r\n        <\/a>\r\n    <\/figure>\r\n\r\n    <div class=\"room-details\">\r\n\r\n        <h3 class=\"room-title\">\r\n            <a href=\"https:\/\/valeta.gr\/it\/rooms\/appartamenti\/\">Appartamenti<\/a>\r\n        <\/h3>\r\n\r\n        \r\n    <\/div>\r\n\r\n<\/div>\n                    <\/div>\n\t                                      <!-- Room Item -->\n                      <div class=\"col-lg-6 col-sm-6\">\n\n                      \r\n<div class=\"room-item \">\r\n\r\n    <figure class=\"room-image gradient-overlay overlay-opacity-02 slide-right-hover\">\r\n                <a href=\"https:\/\/valeta.gr\/it\/rooms\/studios\/\">\r\n            <img decoding=\"async\" src=\"https:\/\/valeta.gr\/wp-content\/uploads\/2021\/05\/DSC_7452-720x470.jpg\" alt=\"Studios\">\r\n        <\/a>\r\n    <\/figure>\r\n\r\n    <div class=\"room-details\">\r\n\r\n        <h3 class=\"room-title\">\r\n            <a href=\"https:\/\/valeta.gr\/it\/rooms\/studios\/\">Studios<\/a>\r\n        <\/h3>\r\n\r\n        \r\n    <\/div>\r\n\r\n<\/div>\n                    <\/div>\n\t                \t                            <\/div>\n\n        [vc_empty_space height=&#8221;30&#8243;]\r\n        \r\n        <style>\r\n\t\t\t\t#btn-container-CsPiy {\r\n\t\t\t\t\tfont-size: 16px;\r\n\t\t\t\t\tfont-weight: bold;\r\n\t\t\t\t}\r\n        #btn-CsPiy {\r\n        \tbackground: rgba(255,255,255,0.01);\r\n\t\t\t\t\tborder-style: solid;\r\n        \tborder-color: #1e73be;\r\n\t\t\t\t\tborder-width: 2px;\r\n        \tcolor: #1e73be;\r\n\t\t\t\t\tpadding: 6px 12px;\r\n\t\t\t\t\tborder-radius: 2px;\r\n\t\t\t\t\tfont-size: 16px;\r\n\t\t\t\t\tline-height: 16px;\r\n\t\t\t\t\t\t\t\t\t\t\t\t\t\t\tfont-weight: bold;\r\n        }\r\n\r\n\t\t\t\t#btn-CsPiy:hover {\r\n\t\t\t\t\tbackground: #1e73be;\r\n\t\t\t\t\tborder-color: #1e73be;\r\n\t\t\t\t\tcolor: #ffffff;\r\n\t\t\t\t\t\t\t\t\t\tbox-shadow: 0 15px 30px rgba(0, 0, 0, 0.10);\r\n\t\t\t\t\t\t\t\t\t\t\t\t\t\t\t\t\t\t\t\t-ms-transform: translateY(-2px);\r\n\t\t\t\t\ttransform: translateY(-2px);\r\n\t\t\t\t\t-webkit-transform: translateY(-2px);\r\n\t\t\t\t\t\r\n\t\t\t\t}\r\n\r\n\t\t    #btn-CsPiy i {\r\n\t\t\t\t\tright: 14px;\r\n\t\t\t\t\tmargin-top: 0;\r\n\t\t\t\t\tvertical-align: middle;\r\n\t\t\t\t\tborder-radius: 50%;\r\n\t\t\t\t\tline-height: 20px;\r\n\t\t\t\t\theight: 20px;\r\n\t\t\t\t\twidth: 20px;\r\n\t\t\t\t\tbackground: #1e73be;\r\n\t\t\t\t\tmargin-left: 8px;\r\n\t\t\t\t\tmargin-right: 0;\r\n\t\t\t\t\tcolor: #ffffff;\r\n\t\t\t\t\tfont-size: 8px;\r\n\t\t\t\t\ttext-align: center;\r\n\t\t\t\t}\r\n\r\n\t\t\t\t #btn-CsPiy:hover i {\r\n\t\t\t\t \tbackground: #ffffff;\r\n\t\t\t\t\tcolor: #1e73be;\r\n\t\t\t\t }\r\n\r\n        <\/style>\r\n\r\n\t\t<!-- BUTTON -->\r\n        <div id=\"btn-container-CsPiy\" class=\"text-center\">\r\n\t\t\t\r\n\t\t\t\t\t<a href=\"https:\/\/valeta.gr\/?eagle_rooms=deluxe-room\" id=\"btn-CsPiy\" class=\"btn \" target=\"_self\">\r\n\t\t\t\t\t\tview all rooms\t\t\t\t\t\t\t\t\t\t\t\t<i class=\"fa fa fa-chevron-right\"><\/i>\r\n\t\t\t\t\t\t\t\t\t\t\t<\/a>\r\n\t\t\t\t\t        <\/div>\r\n\r\n        [\/vc_column][\/vc_row][vc_row full_width=&#8221;stretch_row&#8221; css=&#8221;.vc_custom_1531841302974{border-top-width: 1px !important;border-bottom-width: 1px !important;padding-top: 100px !important;padding-bottom: 100px !important;border-top-color: #f2f2f2 !important;border-top-style: solid !important;border-bottom-color: #f2f2f2 !important;border-bottom-style: solid !important;}&#8221;][vc_column]\t\t\t<div\r\n\t\t\t\tclass=\"main_title  text-center  \">\r\n\t\t\t\t<h2 class=\"title\">VALETA HIGHLIGHTS<\/h2>\r\n\t\t\t\t\t\t\t\t\t<p class=\"main_description\">Why our guests prefer us<\/p>\r\n\t\t\t\t\t\t\t<\/div>\r\n\t\t\r\n      \r\n    <script>\r\n      jQuery(document).ready(function ($) {\r\n        $('#features-slider-nmDVT').owlCarousel({\r\n            thumbs: true,\r\n            thumbsPrerendered: true,\r\n            items: 1,\r\n                        loop: true,\r\n                        autoplay: true,\r\n                        dots: false,\r\n            nav: false,\r\n            touchDrag  : true,\r\n            mouseDrag  : false\r\n          });\r\n      });\r\n    <\/script>\r\n\r\n\r\n    <div class=\"features\">\r\n      <div class=\"row\">\r\n          <div class=\"col-md-7\">\r\n              <div data-slider-id=\"features-nmDVT\" id=\"features-slider-nmDVT\" class=\"main-image owl-carousel\">\r\n\r\n\r\n  <div class=\"gradient-overlay overlay-opacity-02\"><img decoding=\"async\" src=\"https:\/\/valeta.gr\/wp-content\/uploads\/2021\/05\/messakti.jpg\" class=\"img-responsive\" alt=\"Sea View\"><\/div>\r\n\r\n  \r\n  <div class=\"gradient-overlay overlay-opacity-02\"><img decoding=\"async\" src=\"https:\/\/valeta.gr\/wp-content\/uploads\/2021\/05\/valeta-3-076-scaled.jpg\" class=\"img-responsive\" alt=\"Canoe\"><\/div>\r\n\r\n  \r\n  <div class=\"gradient-overlay overlay-opacity-02\"><img decoding=\"async\" src=\"https:\/\/valeta.gr\/wp-content\/uploads\/2020\/05\/new-fot-040f.jpg\" class=\"img-responsive\" alt=\"Umbrellas for the sun\"><\/div>\r\n\r\n  \r\n  <div class=\"gradient-overlay overlay-opacity-02\"><img decoding=\"async\" src=\"https:\/\/valeta.gr\/wp-content\/uploads\/2021\/05\/DSCN1328.jpg\" class=\"img-responsive\" alt=\"Reception\"><\/div>\r\n\r\n  <\/div>\r\n<\/div>\r\n<div class=\"col-md-5\">\r\n  <div class=\"owl-thumbs\" data-slider-id=\"features-nmDVT\">\r\n\r\n    \r\n    <!-- SLIDE -->\r\n    <div class=\"owl-thumb-item\">\r\n        <span class=\"media-left\"><image src=\"https:\/\/valeta.gr\/wp-content\/uploads\/2021\/05\/messakti.jpg\" alt=\"Sea View\"><\/span>\r\n        <div class=\"media-body\">\r\n            <h3>Sea View<\/h3>\r\n            <p>You can enjoy the incretible beach of Armenistis and the Aegean sea!!! <\/p>\r\n        <\/div>\r\n    <\/div>\r\n\r\n    \r\n    <!-- SLIDE -->\r\n    <div class=\"owl-thumb-item\">\r\n        <span class=\"media-left\"><image src=\"https:\/\/valeta.gr\/wp-content\/uploads\/2021\/05\/valeta-3-076-scaled.jpg\" alt=\"Canoe\"><\/span>\r\n        <div class=\"media-body\">\r\n            <h3>Canoe<\/h3>\r\n            <p>We have Canoe, and you can use it when the weather is ideal!!!<\/p>\r\n        <\/div>\r\n    <\/div>\r\n\r\n    \r\n    <!-- SLIDE -->\r\n    <div class=\"owl-thumb-item\">\r\n        <span class=\"media-left\"><image src=\"https:\/\/valeta.gr\/wp-content\/uploads\/2020\/05\/new-fot-040f.jpg\" alt=\"Umbrellas for the sun\"><\/span>\r\n        <div class=\"media-body\">\r\n            <h3>Umbrellas for the sun<\/h3>\r\n            <p>You can use the umbrellas for the sun in the balcony.<\/p>\r\n        <\/div>\r\n    <\/div>\r\n\r\n    \r\n    <!-- SLIDE -->\r\n    <div class=\"owl-thumb-item\">\r\n        <span class=\"media-left\"><image src=\"https:\/\/valeta.gr\/wp-content\/uploads\/2021\/05\/DSCN1328.jpg\" alt=\"Reception\"><\/span>\r\n        <div class=\"media-body\">\r\n            <h3>Reception<\/h3>\r\n            <p>Reception area with a library and satellite television.<\/p>\r\n        <\/div>\r\n    <\/div>\r\n\r\n    \r\n  <\/div>\r\n<\/div>\r\n<\/div>\r\n<\/div>\r\n\r\n  [\/vc_column][\/vc_row][vc_row full_width=&#8221;stretch_row&#8221; parallax=&#8221;content-moving&#8221; css=&#8221;.vc_custom_1532817488354{padding-top: 100px !important;padding-bottom: 100px !important;background-image: url(https:\/\/valeta.gr\/wp-content\/uploads\/2018\/03\/video_bg.jpg?id=324) !important;}&#8221; el_class=&#8221;color-overlay&#8221;][vc_column]\r\n        <div class=\"video_popup\">\r\n            <a class=\"popup-vimeo\" href=\"https:\/\/www.youtube.com\/watch?v=TCvxyUWnXxM\"><i class=\"las la-play\"><\/i><\/a>\r\n        <\/div>\r\n\r\n        [\/vc_column][\/vc_row][vc_row full_width=&#8221;stretch_row&#8221; css=&#8221;.vc_custom_1531734543892{padding-top: 100px !important;padding-bottom: 100px !important;}&#8221;][vc_column]\t\t\t<div\r\n\t\t\t\tclass=\"main_title  text-center  \">\r\n\t\t\t\t<h2 class=\"title\">DISCOVER OUR ISLAND<\/h2>\r\n\t\t\t\t\t\t\t\t\t<p class=\"main_description\">Places you must explore this summer<\/p>\r\n\t\t\t\t\t\t\t<\/div>\r\n\t\t\r\n  <div class=\"row\">\r\n\r\n    \r\n      \r\n          <div class=\"col-md-6 first-place\">\r\n            <div class=\"place-item\">\r\n              <figure class=\"gradient-overlay zoom-hover\">\r\n                <a href=\"https:\/\/valeta.gr\/it\/places\/attivita\/\">\r\n                  <img decoding=\"async\" src=\"https:\/\/valeta.gr\/wp-content\/uploads\/2021\/05\/erifi-720x470.jpg\" class=\"img-responsive\" alt=\"Attivit\u00e0\">\r\n\r\n                    <h3 class=\"place-title\">Attivit\u00e0<\/h3>\r\n\r\n                <\/a>\r\n              <\/figure>\r\n            <\/div>\r\n          <\/div>\r\n\r\n      \r\n\t\t\r\n      \r\n          <div class=\"col-md-6 second-place\">\r\n            <div class=\"place-item\">\r\n              <figure class=\"gradient-overlay zoom-hover\">\r\n                <a href=\"https:\/\/valeta.gr\/it\/places\/fiere\/\">\r\n                  <img decoding=\"async\" src=\"https:\/\/valeta.gr\/wp-content\/uploads\/2021\/05\/festival01-720x470.jpg\" class=\"img-responsive\" alt=\"Fiere\">\r\n\r\n                    <h3 class=\"place-title\">Fiere<\/h3>\r\n\r\n                <\/a>\r\n              <\/figure>\r\n            <\/div>\r\n          <\/div>\r\n\r\n      \r\n\t\t\r\n              <div class=\"col-lg-6\">\r\n          <div class=\"row\">\r\n      \r\n          <div class=\"col-md-6 third-place\">\r\n            <div class=\"place-item\">\r\n              <figure class=\"gradient-overlay zoom-hover\">\r\n                <a href=\"https:\/\/valeta.gr\/it\/places\/longevita\/\">\r\n                  <img decoding=\"async\" src=\"https:\/\/valeta.gr\/wp-content\/uploads\/2018\/04\/evdilos-720x470.jpg\" class=\"img-responsive\" alt=\"Longevit\u00e0\">\r\n\r\n                    <h3 class=\"place-title\">Longevit\u00e0<\/h3>\r\n\r\n                <\/a>\r\n              <\/figure>\r\n            <\/div>\r\n          <\/div>\r\n\r\n      \r\n\t\t\r\n      \r\n          <div class=\"col-md-6 fourth-place\">\r\n            <div class=\"place-item\">\r\n              <figure class=\"gradient-overlay zoom-hover\">\r\n                <a href=\"https:\/\/valeta.gr\/it\/places\/divertimento\/\">\r\n                  <img decoding=\"async\" src=\"https:\/\/valeta.gr\/wp-content\/uploads\/2018\/03\/raches-720x470.jpg\" class=\"img-responsive\" alt=\"Divertimento\">\r\n\r\n                    <h3 class=\"place-title\">Divertimento<\/h3>\r\n\r\n                <\/a>\r\n              <\/figure>\r\n            <\/div>\r\n          <\/div>\r\n\r\n                <\/div>\r\n        <\/div>\r\n      \r\n\t\t\r\n  <\/div>\r\n\r\n    [vc_empty_space height=&#8221;30&#8243;]\r\n        \r\n        <style>\r\n\t\t\t\t#btn-container-y5iuf {\r\n\t\t\t\t\tfont-size: 17px;\r\n\t\t\t\t\tfont-weight: bold;\r\n\t\t\t\t}\r\n        #btn-y5iuf {\r\n        \tbackground: #ffffff;\r\n\t\t\t\t\tborder-style: solid;\r\n        \tborder-color: #ffffff;\r\n\t\t\t\t\tborder-width: 0px;\r\n        \tcolor: #1e73be;\r\n\t\t\t\t\tpadding: 5px 8px;\r\n\t\t\t\t\tborder-radius: 50px;\r\n\t\t\t\t\tfont-size: 17px;\r\n\t\t\t\t\tline-height: 17px;\r\n\t\t\t\t\t\t\t\t\t\t\t\t\t\t\tfont-weight: bold;\r\n        }\r\n\r\n\t\t\t\t#btn-y5iuf:hover {\r\n\t\t\t\t\tbackground: #1e73be;\r\n\t\t\t\t\tborder-color: #1e73be;\r\n\t\t\t\t\tcolor: #ffffff;\r\n\t\t\t\t\t\t\t\t\t\t\t\t\t\t\t\r\n\t\t\t\t}\r\n\r\n\t\t    #btn-y5iuf i {\r\n\t\t\t\t\tright: 14px;\r\n\t\t\t\t\tmargin-top: 0;\r\n\t\t\t\t\tvertical-align: middle;\r\n\t\t\t\t\tborder-radius: 50%;\r\n\t\t\t\t\tline-height: 20px;\r\n\t\t\t\t\theight: 20px;\r\n\t\t\t\t\twidth: 20px;\r\n\t\t\t\t\tbackground: #1e73be;\r\n\t\t\t\t\tmargin-left: 8px;\r\n\t\t\t\t\tmargin-right: 0;\r\n\t\t\t\t\tcolor: #ffffff;\r\n\t\t\t\t\tfont-size: 8px;\r\n\t\t\t\t\ttext-align: center;\r\n\t\t\t\t}\r\n\r\n\t\t\t\t #btn-y5iuf:hover i {\r\n\t\t\t\t \tbackground: #ffffff;\r\n\t\t\t\t\tcolor: #1e73be;\r\n\t\t\t\t }\r\n\r\n        <\/style>\r\n\r\n\t\t<!-- BUTTON -->\r\n        <div id=\"btn-container-y5iuf\" class=\"text-center\">\r\n\t\t\t\t\t\t<span>Check out more<\/span>\r\n\t\t\t  \t\r\n\t\t\t\t\t<a href=\"https:\/\/valeta.gr\/?page_id=361\" id=\"btn-y5iuf\" class=\"btn \" target=\"_blank\">\r\n\t\t\t\t\t\tIkaria\t\t\t\t\t\t\t\t\t\t\t\t<i class=\"fa fa fa-chevron-right\"><\/i>\r\n\t\t\t\t\t\t\t\t\t\t\t<\/a>\r\n\t\t\t\t\t\t\t\t\t\t<span>now<\/span>\r\n\t\t\t        <\/div>\r\n\r\n        [\/vc_column][\/vc_row][vc_row full_width=&#8221;stretch_row&#8221; css=&#8221;.vc_custom_1531644590382{border-top-width: 1px !important;border-bottom-width: 1px !important;padding-top: 100px !important;padding-bottom: 70px !important;background-color: #f5f3f0 !important;border-top-color: #f0f0f0 !important;border-top-style: solid !important;border-bottom-color: #f0f0f0 !important;border-bottom-style: solid !important;}&#8221;][vc_column][vc_row_inner][vc_column_inner width=&#8221;1\/4&#8243;][\/vc_column_inner][vc_column_inner width=&#8221;1\/2&#8243;]\t\t\t<div\r\n\t\t\t\tclass=\"main_title  text-center  \">\r\n\t\t\t\t<h2 class=\"title\">GUESTBOOK<\/h2>\r\n\t\t\t\t\t\t\t\t\t<p class=\"main_description\">What our guests are saying about us<\/p>\r\n\t\t\t\t\t\t\t<\/div>\r\n\t\t[\/vc_column_inner][vc_column_inner width=&#8221;1\/4&#8243;][\/vc_column_inner][\/vc_row_inner]\r\n        <div class=\"row flex-row\">\r\n            \t\t\t\t\t\t\t\t<!-- TESTIMONIAL GRID ITEM -->\r\n                <div class=\"col-lg-4 col-sm-6 \">\r\n                    <div class=\"testimonial-item\">\r\n\t\t                  <div class=\"review\">\r\n\t\t                        <h3>Our Magical Secret ! ssh!<\/h3>\r\n                                <div class=\"rating\">\r\n                                    <i class=\"fa fa-star\" aria-hidden=\"true\"><\/i><i class=\"fa fa-star\" aria-hidden=\"true\"><\/i><i class=\"fa fa-star\" aria-hidden=\"true\"><\/i><i class=\"fa fa-star\" aria-hidden=\"true\"><\/i><i class=\"fa fa-star\" aria-hidden=\"true\"><\/i>                                <\/div>\r\n\t\t                        <p>We have been to Valeta 10 times and are returning again this year\u2026. need I say more ![\u2026] The apartments are typical of Greece, the kitchenette is adequately equipped and includes a kettle , the whole apartment is always spotlessly clean. The apartments \/ studios are very light and airy and the outside stone work makes them very attractive. The view and position on the rocks with the sea lapping below is perfectly magical. The two best beaches on the island are situated one each side of Valeta.\r\nThey are family owned and Kostas, Sophia and their boys live on the site if any problems arise.\r\n\r\nA young at heart retired couple from Shropshire, England!<\/p>\r\n\t\t                    <\/div>\r\n\t\t                    <div class=\"author\">\r\n                                \t\t                        <div class=\"author-info\">\r\n\t\t                            <h5>Edward<\/h5>\r\n\t\t                            <span class=\"author-loacation\">England<\/span>\r\n\t\t                        <\/div>\r\n\t\t                    <\/div>\r\n\t\t              <\/div>\r\n                <\/div>\r\n\r\n            \t\t\t\t\t\t\t\t<!-- TESTIMONIAL GRID ITEM -->\r\n                <div class=\"col-lg-4 col-sm-6 \">\r\n                    <div class=\"testimonial-item\">\r\n\t\t                  <div class=\"review\">\r\n\t\t                        <h3>Excellent location and apartment facilities<\/h3>\r\n                                <div class=\"rating\">\r\n                                    <i class=\"fa fa-star\" aria-hidden=\"true\"><\/i><i class=\"fa fa-star\" aria-hidden=\"true\"><\/i><i class=\"fa fa-star\" aria-hidden=\"true\"><\/i><i class=\"fa fa-star\" aria-hidden=\"true\"><\/i><i class=\"fa fa-star\" aria-hidden=\"true\"><\/i>                                <\/div>\r\n\t\t                        <p>We have been many times in Valeta studios. This is perfectly located between 2 major sand beaches. The owners are very sweet and helpful. Quiet, restful and beautiful, you are also close to a supermarket and a charming little town called Armenistis, you can even easily walk to it\u2026\r\nWe come back almost every year and each time we keep great memories\u2026<\/p>\r\n\t\t                    <\/div>\r\n\t\t                    <div class=\"author\">\r\n                                \t\t                        <div class=\"author-info\">\r\n\t\t                            <h5>Stephane<\/h5>\r\n\t\t                            <span class=\"author-loacation\">Paris<\/span>\r\n\t\t                        <\/div>\r\n\t\t                    <\/div>\r\n\t\t              <\/div>\r\n                <\/div>\r\n\r\n            \t\t\t\t\t\t\t\t<!-- TESTIMONIAL GRID ITEM -->\r\n                <div class=\"col-lg-4 col-sm-6 \">\r\n                    <div class=\"testimonial-item\">\r\n\t\t                  <div class=\"review\">\r\n\t\t                        <h3>Perfect family vacations<\/h3>\r\n                                <div class=\"rating\">\r\n                                    <i class=\"fa fa-star\" aria-hidden=\"true\"><\/i><i class=\"fa fa-star\" aria-hidden=\"true\"><\/i><i class=\"fa fa-star\" aria-hidden=\"true\"><\/i><i class=\"fa fa-star\" aria-hidden=\"true\"><\/i><i class=\"fa fa-star\" aria-hidden=\"true\"><\/i>                                <\/div>\r\n\t\t                        <p>We spent there 6 nights with our two kids in July and it was really great. The room decoration is ok but what is very important is that they are very spacious which is very convenient when you have children. But the best thing was the balcony and the location just over the sea and on walking distance of two wonderful sandy beach and very close to Armenistis. It was perfect!\r\nThe owners were also very kind and helpful.[..] I would definitely go back and I recommended it to all my friends.<\/p>\r\n\t\t                    <\/div>\r\n\t\t                    <div class=\"author\">\r\n                                \t\t                        <div class=\"author-info\">\r\n\t\t                            <h5>Elise<\/h5>\r\n\t\t                            <span class=\"author-loacation\">Athens, Greece<\/span>\r\n\t\t                        <\/div>\r\n\t\t                    <\/div>\r\n\t\t              <\/div>\r\n                <\/div>\r\n\r\n                                <\/div>\r\n\r\n        [\/vc_column][\/vc_row]<\/p>\n<\/div>","protected":false},"excerpt":{"rendered":"<p>[vc_row full_width=&#8221;stretch_row_content_no_spaces&#8221;][vc_column][rev_slider_vc alias=&#8221;slider-1en-1&#8243; el_class=&#8221;color-overlay-slider overlay-opacity-01&#8243;][\/vc_column][\/vc_row][vc_row][vc_column][\/vc_column][\/vc_row][vc_row full_width=&#8221;stretch_row&#8221; css=&#8221;.vc_custom_1531848941252{padding-top: 100px !important;padding-bottom: 100px !important;}&#8221;][vc_column width=&#8221;1\/2&#8243;][vc_column_text]I Valeta Studios and Apartments ti danno il benvenuto ad Armenistis, un paese pittoresco vicino al mare ad Ikaria, in un posto ideale fra le due spiagge dorate, quella di Livadi e quella di Messakt\u00ec. Il complesso \u00e8 composto di studios e appartamenti con [&hellip;]<\/p>\n","protected":false},"author":1,"featured_media":0,"parent":0,"menu_order":0,"comment_status":"closed","ping_status":"closed","template":"","meta":{"footnotes":""},"class_list":["post-3286","page","type-page","status-publish","hentry"],"_links":{"self":[{"href":"https:\/\/valeta.gr\/it\/wp-json\/wp\/v2\/pages\/3286","targetHints":{"allow":["GET"]}}],"collection":[{"href":"https:\/\/valeta.gr\/it\/wp-json\/wp\/v2\/pages"}],"about":[{"href":"https:\/\/valeta.gr\/it\/wp-json\/wp\/v2\/types\/page"}],"author":[{"embeddable":true,"href":"https:\/\/valeta.gr\/it\/wp-json\/wp\/v2\/users\/1"}],"replies":[{"embeddable":true,"href":"https:\/\/valeta.gr\/it\/wp-json\/wp\/v2\/comments?post=3286"}],"version-history":[{"count":21,"href":"https:\/\/valeta.gr\/it\/wp-json\/wp\/v2\/pages\/3286\/revisions"}],"predecessor-version":[{"id":3949,"href":"https:\/\/valeta.gr\/it\/wp-json\/wp\/v2\/pages\/3286\/revisions\/3949"}],"wp:attachment":[{"href":"https:\/\/valeta.gr\/it\/wp-json\/wp\/v2\/media?parent=3286"}],"curies":[{"name":"wp","href":"https:\/\/api.w.org\/{rel}","templated":true}]}}