{"id":3307,"date":"2019-02-21T11:36:34","date_gmt":"2019-02-21T11:36:34","guid":{"rendered":"https:\/\/valeta.gr\/services\/"},"modified":"2022-10-04T20:32:25","modified_gmt":"2022-10-04T20:32:25","slug":"services","status":"publish","type":"page","link":"https:\/\/valeta.gr\/fr\/services\/","title":{"rendered":"Services"},"content":{"rendered":"<div class=\"wpb-content-wrapper\"><p>[vc_row][vc_column width=&#8221;1\/6&#8243;][\/vc_column][vc_column width=&#8221;2\/3&#8243;][vc_column_text]<em>Chez Valeta Studios et Appartements, nous croyons \u00e0 une v\u00e9ritable hospitalit\u00e9 et nous voulons que nos invit\u00e9s profitent d&#8217;un h\u00e9bergement propre, confortable et paisible. Notre privil\u00e8ge est d&#8217;\u00eatre un souffle pr\u00e8s de la mer, loin de l&#8217;agitation et du bruit. Dans un b\u00e2timent de deux \u00e9tages, les chambres sont construites suivant le caract\u00e8re traditionnel d&#8217;Ikaria et comprenant de nombreux \u00e9l\u00e9ments d\u00e9coratifs en bois et en pierre, combinant la tradition et le confort moderne, tout en harmonie.<\/em>[\/vc_column_text][\/vc_column][vc_column width=&#8221;1\/6&#8243;][\/vc_column][\/vc_row][vc_row][vc_column]\r\n\t\t\t\t\r\n        <script>\r\n          jQuery(document).ready(function ($) {\r\n            function gallery_carousel() {\r\n              $('#gallery-carousel-JDqa4').owlCarousel({\r\n                rtl: false,\r\n                loop: false,\r\n                margin: 0,\r\n                nav: false,\r\n                autoplay: true,\r\n                responsive:{\r\n                   0:{\r\n                       items: 1\r\n                   },\r\n                   600:{\r\n                       items: 3\r\n                   },\r\n                   1200:{\r\n                       items:5                   }\r\n                 }\r\n              });\r\n          }\r\n          setTimeout(gallery_carousel, 1)\r\n          });\r\n        <\/script>\r\n\r\n\r\n\t\t\t\t<div id=\"gallery-carousel-JDqa4\" class=\"gallery-slider image-gallery owl-carousel\">\r\n\t\t\t\t\t\t\t\t\t\t\t\t\t\t<!-- TESTIMONIAL SLIDE ITEM -->\r\n\t\t\t\t\t\t\t\t<div class=\"item\">\r\n                  <figure class=\"gradient-overlay-hover icon-zoom-hover zoom-image-hover\">\r\n\t\t\t\t\t\t\t\t\t\t<a href=\"https:\/\/valeta.gr\/wp-content\/uploads\/2021\/05\/messakti.jpg\">\r\n\t\t\t\t\t\t\t\t\t\t\t\t<img decoding=\"async\" src=\"https:\/\/valeta.gr\/wp-content\/uploads\/2021\/05\/messakti-480x480.jpg\" alt=\"PLAGE\">\r\n\t\t\t\t\t\t\t\t\t\t<\/a>\r\n                  <\/figure>\r\n                    \t\t\t\t\t\t\t\t<\/div>\r\n\r\n\t\t\t\t\t\t\t\t\t\t\t\t\t\t<!-- TESTIMONIAL SLIDE ITEM -->\r\n\t\t\t\t\t\t\t\t<div class=\"item\">\r\n                  <figure class=\"gradient-overlay-hover icon-zoom-hover zoom-image-hover\">\r\n\t\t\t\t\t\t\t\t\t\t<a href=\"https:\/\/valeta.gr\/wp-content\/uploads\/2021\/05\/livadi.jpg\">\r\n\t\t\t\t\t\t\t\t\t\t\t\t<img decoding=\"async\" src=\"https:\/\/valeta.gr\/wp-content\/uploads\/2021\/05\/livadi-480x480.jpg\" alt=\"Icarie\">\r\n\t\t\t\t\t\t\t\t\t\t<\/a>\r\n                  <\/figure>\r\n                    \t\t\t\t\t\t\t\t<\/div>\r\n\r\n\t\t\t\t\t\t\t\t\t\t\t\t\t\t<!-- TESTIMONIAL SLIDE ITEM -->\r\n\t\t\t\t\t\t\t\t<div class=\"item\">\r\n                  <figure class=\"gradient-overlay-hover icon-zoom-hover zoom-image-hover\">\r\n\t\t\t\t\t\t\t\t\t\t<a href=\"https:\/\/valeta.gr\/wp-content\/uploads\/2021\/05\/festival02.jpg\">\r\n\t\t\t\t\t\t\t\t\t\t\t\t<img decoding=\"async\" src=\"https:\/\/valeta.gr\/wp-content\/uploads\/2021\/05\/festival02-480x369.jpg\" alt=\"\u00ceLE\">\r\n\t\t\t\t\t\t\t\t\t\t<\/a>\r\n                  <\/figure>\r\n                    \t\t\t\t\t\t\t\t<\/div>\r\n\r\n\t\t\t\t\t\t\t\t\t\t\t\t\t\t<!-- TESTIMONIAL SLIDE ITEM -->\r\n\t\t\t\t\t\t\t\t<div class=\"item\">\r\n                  <figure class=\"gradient-overlay-hover icon-zoom-hover zoom-image-hover\">\r\n\t\t\t\t\t\t\t\t\t\t<a href=\"https:\/\/valeta.gr\/wp-content\/uploads\/2021\/05\/DSCN1509.jpg\">\r\n\t\t\t\t\t\t\t\t\t\t\t\t<img decoding=\"async\" src=\"https:\/\/valeta.gr\/wp-content\/uploads\/2021\/05\/DSCN1509-480x480.jpg\" alt=\"Studios\">\r\n\t\t\t\t\t\t\t\t\t\t<\/a>\r\n                  <\/figure>\r\n                    \t\t\t\t\t\t\t\t<\/div>\r\n\r\n\t\t\t\t\t\t\t\t\t\t\t\t\t\t<!-- TESTIMONIAL SLIDE ITEM -->\r\n\t\t\t\t\t\t\t\t<div class=\"item\">\r\n                  <figure class=\"gradient-overlay-hover icon-zoom-hover zoom-image-hover\">\r\n\t\t\t\t\t\t\t\t\t\t<a href=\"https:\/\/valeta.gr\/wp-content\/uploads\/2021\/05\/DSCN1497-scaled.jpg\">\r\n\t\t\t\t\t\t\t\t\t\t\t\t<img decoding=\"async\" src=\"https:\/\/valeta.gr\/wp-content\/uploads\/2021\/05\/DSCN1497-480x480.jpg\" alt=\"Studios\">\r\n\t\t\t\t\t\t\t\t\t\t<\/a>\r\n                  <\/figure>\r\n                    \t\t\t\t\t\t\t\t<\/div>\r\n\r\n\t\t\t\t\t\t\t\t\t\t\t\t\t\t\t\t<\/div>\r\n\r\n        [\/vc_column][\/vc_row]<\/p>\n<\/div>","protected":false},"excerpt":{"rendered":"<p>[vc_row][vc_column width=&#8221;1\/6&#8243;][\/vc_column][vc_column width=&#8221;2\/3&#8243;][vc_column_text]Chez Valeta Studios et Appartements, nous croyons \u00e0 une v\u00e9ritable hospitalit\u00e9 et nous voulons que nos invit\u00e9s profitent d&#8217;un h\u00e9bergement propre, confortable et paisible. Notre privil\u00e8ge est d&#8217;\u00eatre un souffle pr\u00e8s de la mer, loin de l&#8217;agitation et du bruit. Dans un b\u00e2timent de deux \u00e9tages, les chambres sont construites suivant le caract\u00e8re [&hellip;]<\/p>\n","protected":false},"author":1,"featured_media":0,"parent":0,"menu_order":0,"comment_status":"closed","ping_status":"closed","template":"","meta":{"footnotes":""},"class_list":["post-3307","page","type-page","status-publish","hentry"],"_links":{"self":[{"href":"https:\/\/valeta.gr\/fr\/wp-json\/wp\/v2\/pages\/3307","targetHints":{"allow":["GET"]}}],"collection":[{"href":"https:\/\/valeta.gr\/fr\/wp-json\/wp\/v2\/pages"}],"about":[{"href":"https:\/\/valeta.gr\/fr\/wp-json\/wp\/v2\/types\/page"}],"author":[{"embeddable":true,"href":"https:\/\/valeta.gr\/fr\/wp-json\/wp\/v2\/users\/1"}],"replies":[{"embeddable":true,"href":"https:\/\/valeta.gr\/fr\/wp-json\/wp\/v2\/comments?post=3307"}],"version-history":[{"count":7,"href":"https:\/\/valeta.gr\/fr\/wp-json\/wp\/v2\/pages\/3307\/revisions"}],"predecessor-version":[{"id":3903,"href":"https:\/\/valeta.gr\/fr\/wp-json\/wp\/v2\/pages\/3307\/revisions\/3903"}],"wp:attachment":[{"href":"https:\/\/valeta.gr\/fr\/wp-json\/wp\/v2\/media?parent=3307"}],"curies":[{"name":"wp","href":"https:\/\/api.w.org\/{rel}","templated":true}]}}