{"id":3304,"date":"2018-02-17T13:08:27","date_gmt":"2018-02-17T13:08:27","guid":{"rendered":"https:\/\/valeta.gr\/contact-us\/"},"modified":"2022-10-25T10:55:57","modified_gmt":"2022-10-25T10:55:57","slug":"contact-us","status":"publish","type":"page","link":"https:\/\/valeta.gr\/fr\/contact-us\/","title":{"rendered":"Contacter"},"content":{"rendered":"<div class=\"wpb-content-wrapper\"><p>[vc_row][vc_column width=&#8221;1\/2&#8243;]\t\t\t<div\r\n\t\t\t\tclass=\"main_title  text-center  \">\r\n\t\t\t\t<h2 class=\"title\">Contact Details<\/h2>\r\n\t\t\t\t\t\t\t<\/div>\r\n\t\t[vc_wp_text]Valeta Studios et Appartements<\/p>\n<p>Armenistis, 83301 Ikaria island, Greece<\/p>\n<ul>\n<li>tel +30 22750 71252 | +30 211 4223001<\/li>\n<li>mob +30 6970828062<\/li>\n<li>Email:<span lang=\"zxx\"><a href=\"mailto:valeta@otenet.gr\"> valeta@otenet.gr<\/a><\/span><\/li>\n<li>GPS coordinates: 37\u00b0 37\u2032 51.594\u2033 N, 26\u00b0 5\u2032 36.794\u2033 E<\/li>\n<\/ul>\n<p>[\/vc_wp_text]\t\t\t<div\r\n\t\t\t\tclass=\"main_title  text-center  \">\r\n\t\t\t\t<h2 class=\"title\">Distances from Valeta Studios and Apartments<\/h2>\r\n\t\t\t\t\t\t\t<\/div>\r\n\t\t[vc_column_text]<\/p>\n<ul style=\"text-align: left;\">\n<li><span lang=\"en-US\">15 km du port de Evdilos<\/span><\/li>\n<li><span lang=\"en-US\">40 km du port de Agios Kirykos<\/span><\/li>\n<li><span lang=\"en-US\">55 km de l\u2019a\u00e9roport d\u2019 Ikaria<\/span><\/li>\n<li><span lang=\"en-US\">500 m du centre d\u2019 Armenistis<\/span><\/li>\n<li><span lang=\"en-US\">500 m du centre de Gialiskari<\/span><\/li>\n<li>6 km de Raches<\/li>\n<\/ul>\n<p>[\/vc_column_text][\/vc_column][vc_column width=&#8221;1\/2&#8243;]\t\t\t<div\r\n\t\t\t\tclass=\"main_title  text-center  \">\r\n\t\t\t\t<h2 class=\"title\">Contact Form<\/h2>\r\n\t\t\t\t\t\t\t<\/div>\r\n\t\t\n<div class=\"wpcf7 no-js\" id=\"wpcf7-f1079-o1\" lang=\"en-US\" dir=\"ltr\" data-wpcf7-id=\"1079\">\n<div class=\"screen-reader-response\"><p role=\"status\" aria-live=\"polite\" aria-atomic=\"true\"><\/p> <ul><\/ul><\/div>\n<form action=\"\/fr\/wp-json\/wp\/v2\/pages\/3304#wpcf7-f1079-o1\" method=\"post\" class=\"wpcf7-form init\" aria-label=\"Contact form\" novalidate=\"novalidate\" data-status=\"init\">\n<fieldset class=\"hidden-fields-container\"><input type=\"hidden\" name=\"_wpcf7\" value=\"1079\" \/><input type=\"hidden\" name=\"_wpcf7_version\" value=\"6.1.5\" \/><input type=\"hidden\" name=\"_wpcf7_locale\" value=\"en_US\" \/><input type=\"hidden\" name=\"_wpcf7_unit_tag\" value=\"wpcf7-f1079-o1\" \/><input type=\"hidden\" name=\"_wpcf7_container_post\" value=\"0\" \/><input type=\"hidden\" name=\"_wpcf7_posted_data_hash\" value=\"\" \/>\n<\/fieldset>\n<div class=\"contact-page-form\">\n<div class=\"wpcf7-response-output\" aria-hidden=\"true\"><\/div>\n\t<div class=\"row\">\n\t\t<div class=\"form-group col-md-6\">\n\t\t\t<p><span class=\"wpcf7-form-control-wrap\" data-name=\"your-name\"><input size=\"40\" maxlength=\"400\" class=\"wpcf7-form-control wpcf7-text wpcf7-validates-as-required form-control\" aria-required=\"true\" aria-invalid=\"false\" placeholder=\"Your Name\" value=\"\" type=\"text\" name=\"your-name\" \/><\/span>\n\t\t\t<\/p>\n\t\t<\/div>\n\t\t<div class=\"form-group col-md-6\">\n\t\t\t<p><span class=\"wpcf7-form-control-wrap\" data-name=\"your-phone\"><input size=\"40\" maxlength=\"400\" class=\"wpcf7-form-control wpcf7-text wpcf7-validates-as-required form-control\" aria-required=\"true\" aria-invalid=\"false\" placeholder=\"Your Phone\" value=\"\" type=\"text\" name=\"your-phone\" \/><\/span>\n\t\t\t<\/p>\n\t\t<\/div>\n\t\t<div class=\"form-group col-md-6\">\n\t\t\t<p><span class=\"wpcf7-form-control-wrap\" data-name=\"your-email\"><input size=\"40\" maxlength=\"400\" class=\"wpcf7-form-control wpcf7-email wpcf7-validates-as-required wpcf7-text wpcf7-validates-as-email form-control\" aria-required=\"true\" aria-invalid=\"false\" placeholder=\"Your Email\" value=\"\" type=\"email\" name=\"your-email\" \/><\/span>\n\t\t\t<\/p>\n\t\t<\/div>\n\t\t<div class=\"form-group col-md-6\">\n\t\t\t<p><span class=\"wpcf7-form-control-wrap\" data-name=\"your-subject\"><input size=\"40\" maxlength=\"400\" class=\"wpcf7-form-control wpcf7-text wpcf7-validates-as-required form-control\" aria-required=\"true\" aria-invalid=\"false\" placeholder=\"Subject\" value=\"\" type=\"text\" name=\"your-subject\" \/><\/span>\n\t\t\t<\/p>\n\t\t<\/div>\n\t<\/div>\n\t<div class=\"form-group\">\n\t\t<p><span class=\"wpcf7-form-control-wrap\" data-name=\"your-message\"><textarea cols=\"40\" rows=\"10\" maxlength=\"2000\" class=\"wpcf7-form-control wpcf7-textarea wpcf7-validates-as-required form-control\" aria-required=\"true\" aria-invalid=\"false\" placeholder=\"Your Message\" name=\"your-message\"><\/textarea><\/span>\n\t\t<\/p>\n\t<\/div>\n\t<div class=\"form-group\">\n\t\t<p><span class=\"wpcf7-form-control-wrap\" data-name=\"terms\"><span class=\"wpcf7-form-control wpcf7-checkbox wpcf7-validates-as-required\"><span class=\"wpcf7-list-item first last\"><input type=\"checkbox\" name=\"terms[]\" value=\"Accept Terms and Conditions\" \/><span class=\"wpcf7-list-item-label\">Accept Terms and Conditions<\/span><\/span><\/span><\/span>\n\t\t<\/p>\n\t<\/div>\n\t<p><input class=\"wpcf7-form-control wpcf7-submit has-spinner button btn-lg mt10 mt30\" type=\"submit\" value=\"send your message now\" \/>\n\t<\/p>\n<\/div>\n<\/form>\n<\/div>\n[\/vc_column][\/vc_row][vc_row][vc_column]\t\t\t<div\r\n\t\t\t\tclass=\"main_title  text-center  \">\r\n\t\t\t\t<h2 class=\"title\">How to reach us<\/h2>\r\n\t\t\t\t\t\t\t<\/div>\r\n\t\t[vc_column_text]Il y a plusieurs fa\u00e7ons de venir \u00e0 Valeta Studios et appartements et sur l\u2019\u00eele d\u2019Ikaria.<\/p>\n<p>Ikaria est reli\u00e9e par avion \u00e0 l\u2019a\u00e9roport d\u2019Ath\u00e8nes, Thessalonique, la Cr\u00e8te, Lemnos, Mykonos et Mytil\u00e8ne. En arrivant \u00e0 l\u2019a\u00e9roport d\u2019Ikaria au village de Faros, Armenistis est d\u2019environ 1 heure de route, en voiture, en taxi ou moto.<\/p>\n<p>Une autre fa\u00e7on est de prendre le ferry pour le port Evdilos ou le port d\u2019Agios Kirykos. Il ya un ferry du Pir\u00e9e, Samos, Limnos, Mytil\u00e8ne, Syros, Chios. Lorsque vous arrivez \u00e0 un port \u00e0 Ikaria, vous pouvez joindre notre complexe en voiture, moto, taxi ou bus.<\/p>\n<p>Vous pouvez \u00e9galement nous rendre visite par un voilier, au cours d\u2019une petite croisi\u00e8re dans la mer Eg\u00e9e.<\/p>\n<p><span lang=\"en-US\">Notre complexe est situ\u00e9 sur la rive au point le plus magnifique entre deux plages avec la meilleure vue vers la mer.<\/span><\/p>\n<p>Pour plus d\u2019informations sur Ikaria, s\u2019il vous pla\u00eet visitez le guide touristique d\u2019 Ikaria <a href=\"http:\/\/www.visitikaria.gr\/\" target=\"_blank\" rel=\"noopener\">www.visitikaria.gr<\/a> .[\/vc_column_text][vc_wp_text]<div id=\"wpgmza_map_1\" class=\"wpgmza_map wpgmza-auto-left\" style=\"display:block;width:100%;height:400px;overflow:hidden;position:relative;\" data-map-id=\"1\" data-maps-engine=\"open-layers\" data-build-engine=\"atlas-novus\" data-shortcode-attributes=\"{&quot;id&quot;:&quot;1&quot;,&quot;zoom&quot;:false,&quot;width&quot;:false,&quot;height&quot;:false,&quot;marker&quot;:false,&quot;classname&quot;:false}\" data-settings=\"{&quot;map_title&quot;:&quot;My first map&quot;,&quot;map_width&quot;:&quot;100&quot;,&quot;map_height&quot;:&quot;400&quot;,&quot;map_start_lat&quot;:&quot;37.6315808655865&quot;,&quot;map_start_lng&quot;:&quot;26.096314726681413&quot;,&quot;map_start_location&quot;:&quot;45.950464398418106,-109.81550500000003&quot;,&quot;map_start_zoom&quot;:&quot;17&quot;,&quot;default_marker&quot;:&quot;&quot;,&quot;type&quot;:&quot;1&quot;,&quot;alignment&quot;:&quot;4&quot;,&quot;directions_enabled&quot;:&quot;0&quot;,&quot;styling_enabled&quot;:&quot;0&quot;,&quot;styling_json&quot;:&quot;&quot;,&quot;active&quot;:&quot;0&quot;,&quot;kml&quot;:&quot;&quot;,&quot;bicycle&quot;:&quot;0&quot;,&quot;traffic&quot;:&quot;0&quot;,&quot;dbox&quot;:&quot;0&quot;,&quot;dbox_width&quot;:&quot;&quot;,&quot;listmarkers&quot;:&quot;0&quot;,&quot;listmarkers_advanced&quot;:&quot;0&quot;,&quot;filterbycat&quot;:&quot;0&quot;,&quot;ugm_enabled&quot;:&quot;0&quot;,&quot;ugm_category_enabled&quot;:&quot;0&quot;,&quot;fusion&quot;:&quot;&quot;,&quot;map_width_type&quot;:&quot;%&quot;,&quot;map_height_type&quot;:&quot;px&quot;,&quot;mass_marker_support&quot;:&quot;0&quot;,&quot;ugm_access&quot;:&quot;0&quot;,&quot;order_markers_by&quot;:&quot;0&quot;,&quot;order_markers_choice&quot;:&quot;0&quot;,&quot;show_user_location&quot;:&quot;0&quot;,&quot;default_to&quot;:&quot;&quot;,&quot;map_type&quot;:1,&quot;sl_stroke_color&quot;:&quot;&quot;,&quot;sl_fill_color&quot;:&quot;&quot;,&quot;sl_stroke_opacity&quot;:&quot;&quot;,&quot;sl_fill_opacity&quot;:&quot;&quot;,&quot;transport_layer&quot;:false,&quot;action&quot;:&quot;wpgmza_save_map&quot;,&quot;redirect_to&quot;:&quot;\\\/wp-admin\\\/admin-post.php&quot;,&quot;map_id&quot;:&quot;1&quot;,&quot;wpgmza_savemap&quot;:&quot;Save Map&quot;,&quot;http_referer&quot;:&quot;\\\/wp-admin\\\/admin.php?page=wp-google-maps-menu&amp;amp;action=edit&amp;amp;map_id=1&quot;,&quot;wpgmza_id&quot;:&quot;1&quot;,&quot;wpgmza_start_location&quot;:&quot;37.6315808655865,26.096314726681413&quot;,&quot;wpgmza_start_zoom&quot;:&quot;17&quot;,&quot;wpgmza_map_align&quot;:&quot;1&quot;,&quot;store_locator_enabled&quot;:false,&quot;store_locator_distance&quot;:false,&quot;store_locator_search_area&quot;:&quot;radial&quot;,&quot;wpgmza_store_locator_default_radius&quot;:&quot;10&quot;,&quot;store_locator_auto_area_max_zoom&quot;:&quot;&quot;,&quot;wpgmza_store_locator_radius_style&quot;:&quot;legacy&quot;,&quot;store_locator_component_anchor&quot;:&quot;0&quot;,&quot;wpgmza_store_locator_bounce&quot;:false,&quot;wpgmza_sl_animation&quot;:null,&quot;store_locator_query_string&quot;:&quot;&quot;,&quot;store_locator_location_placeholder&quot;:&quot;&quot;,&quot;store_locator_default_address&quot;:&quot;&quot;,&quot;store_locator_name_search&quot;:false,&quot;store_locator_name_string&quot;:&quot;&quot;,&quot;store_locator_not_found_message&quot;:&quot;&quot;,&quot;store_locator_show_distance&quot;:false,&quot;store_locator_category&quot;:false,&quot;wpgmza_store_locator_use_their_location&quot;:false,&quot;wpgmza_store_locator_hide_before_search&quot;:false,&quot;store_locator_nearby_searches&quot;:false,&quot;wpgmza_theme_data&quot;:&quot;&quot;,&quot;custom_tile_enabled&quot;:false,&quot;custom_tile_image&quot;:&quot;&quot;,&quot;custom_tile_image_width&quot;:&quot;&quot;,&quot;custom_tile_image_height&quot;:&quot;&quot;,&quot;custom_tile_image_attribution&quot;:&quot;&quot;,&quot;iw_primary_color&quot;:&quot;#000000&quot;,&quot;iw_accent_color&quot;:&quot;#000000&quot;,&quot;iw_text_color&quot;:&quot;#000000&quot;,&quot;close_infowindow_on_map_click&quot;:false,&quot;marker_share_links&quot;:false,&quot;wpgmza_listmarkers_by&quot;:&quot;0&quot;,&quot;marker_listing_component_anchor&quot;:null,&quot;marker_listing_component_auto_open&quot;:false,&quot;dataTable_pagination_style&quot;:null,&quot;category_filter_component_anchor&quot;:null,&quot;zoom_level_on_marker_listing_override&quot;:false,&quot;zoom_level_on_marker_listing_click&quot;:&quot;&quot;,&quot;marker_listing_disable_zoom&quot;:false,&quot;datatable_no_result_message&quot;:&quot;&quot;,&quot;remove_search_box_datables&quot;:false,&quot;datatable_search_string&quot;:&quot;&quot;,&quot;datatable_result_start&quot;:&quot;&quot;,&quot;datatable_result_of&quot;:&quot;&quot;,&quot;datatable_result_to&quot;:&quot;&quot;,&quot;datatable_result_total&quot;:&quot;&quot;,&quot;datatable_result_show&quot;:&quot;&quot;,&quot;datatable_result_entries&quot;:&quot;&quot;,&quot;category_legends_enabled&quot;:false,&quot;category_legends_component_anchor&quot;:null,&quot;jump_to_nearest_marker_on_initialization&quot;:false,&quot;click_open_link&quot;:false,&quot;wpgmza_zoom_on_marker_click&quot;:false,&quot;wpgmza_zoom_on_marker_click_slider&quot;:&quot;&quot;,&quot;polygon_labels&quot;:false,&quot;disable_polygon_info_windows&quot;:false,&quot;fit_maps_bounds_to_markers&quot;:false,&quot;fit_maps_bounds_to_markers_after_filtering&quot;:false,&quot;automatically_pan_to_users_location&quot;:false,&quot;override_users_location_zoom_level&quot;:false,&quot;override_users_location_zoom_levels&quot;:&quot;&quot;,&quot;show_distance_from_location&quot;:false,&quot;map_starts_in_streetview&quot;:false,&quot;map_starts_in_streetview_location&quot;:&quot;&quot;,&quot;map_starts_in_streetview_heading&quot;:&quot;&quot;,&quot;map_starts_in_streetview_pitch&quot;:&quot;&quot;,&quot;map_max_zoom&quot;:&quot;21&quot;,&quot;map_min_zoom&quot;:&quot;0&quot;,&quot;hide_point_of_interest&quot;:false,&quot;disable_lightbox_images&quot;:false,&quot;use_Raw_Jpeg_Coordinates&quot;:false,&quot;enable_marker_ratings&quot;:false,&quot;only_load_markers_within_viewport&quot;:false,&quot;id&quot;:1}\" ><\/div>[\/vc_wp_text][\/vc_column][\/vc_row]<\/p>\n<\/div>","protected":false},"excerpt":{"rendered":"<p>[vc_row][vc_column width=&#8221;1\/2&#8243;][vc_wp_text]Valeta Studios et Appartements Armenistis, 83301 Ikaria island, Greece tel +30 22750 71252 | +30 211 4223001 mob +30 6970828062 Email: valeta@otenet.gr GPS coordinates: 37\u00b0 37\u2032 51.594\u2033 N, 26\u00b0 5\u2032 36.794\u2033 E [\/vc_wp_text][vc_column_text] 15 km du port de Evdilos 40 km du port de Agios Kirykos 55 km de l\u2019a\u00e9roport d\u2019 Ikaria 500 m [&hellip;]<\/p>\n","protected":false},"author":1,"featured_media":0,"parent":0,"menu_order":0,"comment_status":"closed","ping_status":"closed","template":"","meta":{"footnotes":""},"class_list":["post-3304","page","type-page","status-publish","hentry"],"_links":{"self":[{"href":"https:\/\/valeta.gr\/fr\/wp-json\/wp\/v2\/pages\/3304","targetHints":{"allow":["GET"]}}],"collection":[{"href":"https:\/\/valeta.gr\/fr\/wp-json\/wp\/v2\/pages"}],"about":[{"href":"https:\/\/valeta.gr\/fr\/wp-json\/wp\/v2\/types\/page"}],"author":[{"embeddable":true,"href":"https:\/\/valeta.gr\/fr\/wp-json\/wp\/v2\/users\/1"}],"replies":[{"embeddable":true,"href":"https:\/\/valeta.gr\/fr\/wp-json\/wp\/v2\/comments?post=3304"}],"version-history":[{"count":7,"href":"https:\/\/valeta.gr\/fr\/wp-json\/wp\/v2\/pages\/3304\/revisions"}],"predecessor-version":[{"id":3916,"href":"https:\/\/valeta.gr\/fr\/wp-json\/wp\/v2\/pages\/3304\/revisions\/3916"}],"wp:attachment":[{"href":"https:\/\/valeta.gr\/fr\/wp-json\/wp\/v2\/media?parent=3304"}],"curies":[{"name":"wp","href":"https:\/\/api.w.org\/{rel}","templated":true}]}}