{"id":3308,"date":"2019-02-21T11:36:34","date_gmt":"2019-02-21T11:36:34","guid":{"rendered":"https:\/\/valeta.gr\/services\/"},"modified":"2022-10-04T20:33:14","modified_gmt":"2022-10-04T20:33:14","slug":"services","status":"publish","type":"page","link":"https:\/\/valeta.gr\/de\/services\/","title":{"rendered":"Dienstleistungen"},"content":{"rendered":"<div class=\"wpb-content-wrapper\"><p>[vc_row][vc_column width=&#8221;1\/6&#8243;][\/vc_column][vc_column width=&#8221;2\/3&#8243;][vc_column_text]<em>Wir hier, in den Valeta Studios und Appartements, glauben an die wahre Gastfreundschaft und m\u00f6chten, dass unsere G\u00e4ste einen sauberen, bequemen und ruhigen Aufenthalt genie\u00dfen. Zu unseren Vorteilen z\u00e4hlt unter anderem der kurze Abstand vom Ikarischen Meer, fern gelegen vom L\u00e4rm und Krach. Die Zimmer sind in einem zweist\u00f6ckigen Komplex mit einem Stil eingerichtet, der zum Charakter von Ikaria passt, verf\u00fcgen \u00fcber ein schlichtes Design aus Holz und Stein, wobei die Tradition mit den modernen Annehmlichkeiten harmonisch kombiniert wird.<\/em>[\/vc_column_text][\/vc_column][vc_column width=&#8221;1\/6&#8243;][\/vc_column][\/vc_row][vc_row][vc_column]\r\n\t\t\t\t\r\n        <script>\r\n          jQuery(document).ready(function ($) {\r\n            function gallery_carousel() {\r\n              $('#gallery-carousel-xXfza').owlCarousel({\r\n                rtl: false,\r\n                loop: false,\r\n                margin: 0,\r\n                nav: false,\r\n                autoplay: true,\r\n                responsive:{\r\n                   0:{\r\n                       items: 1\r\n                   },\r\n                   600:{\r\n                       items: 3\r\n                   },\r\n                   1200:{\r\n                       items:5                   }\r\n                 }\r\n              });\r\n          }\r\n          setTimeout(gallery_carousel, 1)\r\n          });\r\n        <\/script>\r\n\r\n\r\n\t\t\t\t<div id=\"gallery-carousel-xXfza\" class=\"gallery-slider image-gallery owl-carousel\">\r\n\t\t\t\t\t\t\t\t\t\t\t\t\t\t<!-- TESTIMONIAL SLIDE ITEM -->\r\n\t\t\t\t\t\t\t\t<div class=\"item\">\r\n                  <figure class=\"gradient-overlay-hover icon-zoom-hover zoom-image-hover\">\r\n\t\t\t\t\t\t\t\t\t\t<a href=\"https:\/\/valeta.gr\/wp-content\/uploads\/2021\/05\/messakti.jpg\">\r\n\t\t\t\t\t\t\t\t\t\t\t\t<img decoding=\"async\" src=\"https:\/\/valeta.gr\/wp-content\/uploads\/2021\/05\/messakti-480x480.jpg\" alt=\"Strand\">\r\n\t\t\t\t\t\t\t\t\t\t<\/a>\r\n                  <\/figure>\r\n                    \t\t\t\t\t\t\t\t<\/div>\r\n\r\n\t\t\t\t\t\t\t\t\t\t\t\t\t\t<!-- TESTIMONIAL SLIDE ITEM -->\r\n\t\t\t\t\t\t\t\t<div class=\"item\">\r\n                  <figure class=\"gradient-overlay-hover icon-zoom-hover zoom-image-hover\">\r\n\t\t\t\t\t\t\t\t\t\t<a href=\"https:\/\/valeta.gr\/wp-content\/uploads\/2021\/05\/livadi.jpg\">\r\n\t\t\t\t\t\t\t\t\t\t\t\t<img decoding=\"async\" src=\"https:\/\/valeta.gr\/wp-content\/uploads\/2021\/05\/livadi-480x480.jpg\" alt=\"Ikaria\">\r\n\t\t\t\t\t\t\t\t\t\t<\/a>\r\n                  <\/figure>\r\n                    \t\t\t\t\t\t\t\t<\/div>\r\n\r\n\t\t\t\t\t\t\t\t\t\t\t\t\t\t<!-- TESTIMONIAL SLIDE ITEM -->\r\n\t\t\t\t\t\t\t\t<div class=\"item\">\r\n                  <figure class=\"gradient-overlay-hover icon-zoom-hover zoom-image-hover\">\r\n\t\t\t\t\t\t\t\t\t\t<a href=\"https:\/\/valeta.gr\/wp-content\/uploads\/2021\/05\/festival02.jpg\">\r\n\t\t\t\t\t\t\t\t\t\t\t\t<img decoding=\"async\" src=\"https:\/\/valeta.gr\/wp-content\/uploads\/2021\/05\/festival02-480x369.jpg\" alt=\"Ikaria\">\r\n\t\t\t\t\t\t\t\t\t\t<\/a>\r\n                  <\/figure>\r\n                    \t\t\t\t\t\t\t\t<\/div>\r\n\r\n\t\t\t\t\t\t\t\t\t\t\t\t\t\t<!-- TESTIMONIAL SLIDE ITEM -->\r\n\t\t\t\t\t\t\t\t<div class=\"item\">\r\n                  <figure class=\"gradient-overlay-hover icon-zoom-hover zoom-image-hover\">\r\n\t\t\t\t\t\t\t\t\t\t<a href=\"https:\/\/valeta.gr\/wp-content\/uploads\/2021\/05\/DSCN1509.jpg\">\r\n\t\t\t\t\t\t\t\t\t\t\t\t<img decoding=\"async\" src=\"https:\/\/valeta.gr\/wp-content\/uploads\/2021\/05\/DSCN1509-480x480.jpg\" alt=\"Studios\">\r\n\t\t\t\t\t\t\t\t\t\t<\/a>\r\n                  <\/figure>\r\n                    \t\t\t\t\t\t\t\t<\/div>\r\n\r\n\t\t\t\t\t\t\t\t\t\t\t\t\t\t<!-- TESTIMONIAL SLIDE ITEM -->\r\n\t\t\t\t\t\t\t\t<div class=\"item\">\r\n                  <figure class=\"gradient-overlay-hover icon-zoom-hover zoom-image-hover\">\r\n\t\t\t\t\t\t\t\t\t\t<a href=\"https:\/\/valeta.gr\/wp-content\/uploads\/2021\/05\/DSCN1497-scaled.jpg\">\r\n\t\t\t\t\t\t\t\t\t\t\t\t<img decoding=\"async\" src=\"https:\/\/valeta.gr\/wp-content\/uploads\/2021\/05\/DSCN1497-480x480.jpg\" alt=\"Studios\">\r\n\t\t\t\t\t\t\t\t\t\t<\/a>\r\n                  <\/figure>\r\n                    \t\t\t\t\t\t\t\t<\/div>\r\n\r\n\t\t\t\t\t\t\t\t\t\t\t\t\t\t<!-- TESTIMONIAL SLIDE ITEM -->\r\n\t\t\t\t\t\t\t\t<div class=\"item\">\r\n                  <figure class=\"gradient-overlay-hover icon-zoom-hover zoom-image-hover\">\r\n\t\t\t\t\t\t\t\t\t\t<a href=\"https:\/\/valeta.gr\/wp-content\/uploads\/2021\/05\/valeta-2-017f-scaled.jpg\">\r\n\t\t\t\t\t\t\t\t\t\t\t\t<img decoding=\"async\" src=\"https:\/\/valeta.gr\/wp-content\/uploads\/2021\/05\/valeta-2-017f-480x480.jpg\" alt=\"Balcony view\">\r\n\t\t\t\t\t\t\t\t\t\t<\/a>\r\n                  <\/figure>\r\n                    \t\t\t\t\t\t\t\t<\/div>\r\n\r\n\t\t\t\t\t\t\t\t\t\t\t\t\t\t\t\t<\/div>\r\n\r\n        [\/vc_column][\/vc_row]<\/p>\n<\/div>","protected":false},"excerpt":{"rendered":"<p>[vc_row][vc_column width=&#8221;1\/6&#8243;][\/vc_column][vc_column width=&#8221;2\/3&#8243;][vc_column_text]Wir hier, in den Valeta Studios und Appartements, glauben an die wahre Gastfreundschaft und m\u00f6chten, dass unsere G\u00e4ste einen sauberen, bequemen und ruhigen Aufenthalt genie\u00dfen. Zu unseren Vorteilen z\u00e4hlt unter anderem der kurze Abstand vom Ikarischen Meer, fern gelegen vom L\u00e4rm und Krach. Die Zimmer sind in einem zweist\u00f6ckigen Komplex mit einem Stil [&hellip;]<\/p>\n","protected":false},"author":1,"featured_media":0,"parent":0,"menu_order":0,"comment_status":"closed","ping_status":"closed","template":"","meta":{"footnotes":""},"class_list":["post-3308","page","type-page","status-publish","hentry"],"_links":{"self":[{"href":"https:\/\/valeta.gr\/de\/wp-json\/wp\/v2\/pages\/3308","targetHints":{"allow":["GET"]}}],"collection":[{"href":"https:\/\/valeta.gr\/de\/wp-json\/wp\/v2\/pages"}],"about":[{"href":"https:\/\/valeta.gr\/de\/wp-json\/wp\/v2\/types\/page"}],"author":[{"embeddable":true,"href":"https:\/\/valeta.gr\/de\/wp-json\/wp\/v2\/users\/1"}],"replies":[{"embeddable":true,"href":"https:\/\/valeta.gr\/de\/wp-json\/wp\/v2\/comments?post=3308"}],"version-history":[{"count":7,"href":"https:\/\/valeta.gr\/de\/wp-json\/wp\/v2\/pages\/3308\/revisions"}],"predecessor-version":[{"id":3905,"href":"https:\/\/valeta.gr\/de\/wp-json\/wp\/v2\/pages\/3308\/revisions\/3905"}],"wp:attachment":[{"href":"https:\/\/valeta.gr\/de\/wp-json\/wp\/v2\/media?parent=3308"}],"curies":[{"name":"wp","href":"https:\/\/api.w.org\/{rel}","templated":true}]}}