{"id":3285,"date":"2018-02-17T23:15:11","date_gmt":"2018-02-17T23:15:11","guid":{"rendered":"https:\/\/valeta.gr\/?page_id=3285"},"modified":"2022-10-04T20:20:18","modified_gmt":"2022-10-04T20:20:18","slug":"home-page","status":"publish","type":"page","link":"https:\/\/valeta.gr\/de\/","title":{"rendered":"Willkomen"},"content":{"rendered":"<div class=\"wpb-content-wrapper\"><p>[vc_row full_width=&#8221;stretch_row_content_no_spaces&#8221;][vc_column][rev_slider_vc alias=&#8221;slider-1it-1&#8243; el_class=&#8221;color-overlay-slider overlay-opacity-01&#8243;][\/vc_column][\/vc_row][vc_row][vc_column][\/vc_column][\/vc_row][vc_row full_width=&#8221;stretch_row&#8221; css=&#8221;.vc_custom_1531848941252{padding-top: 100px !important;padding-bottom: 100px !important;}&#8221;][vc_column width=&#8221;1\/2&#8243;]\t\t\t<div\r\n\t\t\t\tclass=\"main_title  text-left  \">\r\n\t\t\t\t<h2 class=\"title\">Valeta Studios und Appartements<\/h2>\r\n\t\t\t\t\t\t\t\t\t<p class=\"main_description\">Auf den Wellen des Meeres!<\/p>\r\n\t\t\t\t\t\t\t<\/div>\r\n\t\t[vc_column_text]<span lang=\"en-US\">Die Valeta Studios un<\/span><span lang=\"en-US\">d Appartements hei\u00dfen Sie in Armenistis willkommen, einem malerischen, am Meer liegenden Dorf auf Ikaria, gelegen an einem idealen Standort zwischen den beiden goldenen Str\u00e4nden von Livadi und Mesakti.<\/span><\/p>\n<p><span lang=\"en-US\">Der Komplex besteht aus Studios und Appartements, die einen erstaunlichen Blick aufs Meer bieten, voll ausgestattet sind und \u00fcber alle modernen Annehmlichkeiten f\u00fcr einen angenehmem Aufenthalt verf\u00fcgen. Der Komplex wurde mit gro\u00dfer Sorgfalt unter Verwendung lokaler Naturmaterialien aus Ikaria gebaut, mit besonderem Schwerpunkt auf Stein und Holz. Sie bestehen aus nat\u00fcrlichen Baumaterialien aus Ikaria, sind gem\u00fctlich eingerichtet und bieten Ihnen hochqualitative Dienste nach der griechischen Gastfreundlichkeit an.<\/span><\/p>\n<p><span lang=\"en-US\">Das Dorfzentrum von Armenistis und das Fischerdorf Gialiskari liegen nur wenige Meter entfernt und Sie treffen dort touristische Gesch\u00e4fte, Tavernen, Caf\u00e9s und traditionelle L\u00e4den an. Von der Region aus k\u00f6nnen Sie Ausfl\u00fcge zum Erkunden der Insel unternehmen!<\/span><\/p>\n<p><span lang=\"en-US\">Unsere Vision ist es, Ihnen einen unvergesslichen Aufenthalt w\u00e4hrend Ihres Urlaubs auf einer einzigartigen und unerforschten Insel zu bieten.<\/span><\/p>\n<p><span lang=\"en-US\">Der Blick aufs Meer, das Design, der Standort und der Service gestalten die Valeta Studios und Appartements zur idealen Aufenthaltswahl auf der Insel.<\/span>[\/vc_column_text][\/vc_column][vc_column width=&#8221;1\/2&#8243;]\r\n        <div class=\"image-3d-effect\">\r\n          <div class=\"side left\"><\/div>\r\n          <div class=\"side right\"><\/div>\r\n          <div class=\"images\">\r\n                        <div class=\"front-image\" style=\"background-image: url(https:\/\/valeta.gr\/wp-content\/uploads\/2021\/05\/valeta-3-050f2f.jpg)\"><\/div>\r\n                                    <div class=\"back-image\" style=\"background-image: url(https:\/\/valeta.gr\/wp-content\/uploads\/2021\/05\/valeta-3-076f.jpg)\"><\/div>\r\n                      <\/div>\r\n        <\/div>\r\n\r\n\r\n\r\n        [\/vc_column][\/vc_row][vc_row full_width=&#8221;stretch_row&#8221; css=&#8221;.vc_custom_1531849737322{border-top-width: 1px !important;border-bottom-width: 1px !important;padding-top: 100px !important;padding-bottom: 100px !important;background-color: #f1f0ed !important;border-top-color: #ebeae9 !important;border-top-style: solid !important;border-bottom-color: #ebeae9 !important;border-bottom-style: solid !important;}&#8221; el_class=&#8221;gray-bg&#8221;][vc_column]\t\t\t<div\r\n\t\t\t\tclass=\"main_title  text-center  \">\r\n\t\t\t\t<h2 class=\"title\">OUR ROOMS<\/h2>\r\n\t\t\t\t\t\t\t\t\t<p class=\"main_description\">Check out now our best rooms<\/p>\r\n\t\t\t\t\t\t\t<\/div>\r\n\t\t[vc_column_text]Wir hier, in den Valeta Studios und Appartements, glauben an die wahre Gastfreundschaft und m\u00f6chten, dass unsere G\u00e4ste einen sauberen, bequemen und ruhigen Aufenthalt genie\u00dfen. Zu unseren Vorteilen z\u00e4hlt unter anderem der kurze Abstand vom Ikarischen Meer, fern gelegen vom L\u00e4rm und Krach. Die Zimmer sind in einem zweist\u00f6ckigen Komplex mit einem Stil eingerichtet, der zum Charakter von Ikaria passt, verf\u00fcgen \u00fcber ein schlichtes Design aus Holz und Stein, wobei die Tradition mit den modernen Annehmlichkeiten harmonisch kombiniert wird.[\/vc_column_text]\n            <div class=\"row flex-row\">\n\t                                      <!-- Room Item -->\n                      <div class=\"col-lg-6 col-sm-6\">\n\n                      \r\n<div class=\"room-item \">\r\n\r\n    <figure class=\"room-image gradient-overlay overlay-opacity-02 slide-right-hover\">\r\n                <a href=\"https:\/\/valeta.gr\/de\/rooms\/appartements\/\">\r\n            <img decoding=\"async\" src=\"https:\/\/valeta.gr\/wp-content\/uploads\/2021\/05\/DSC_7485-720x470.jpg\" alt=\"Appartements\">\r\n        <\/a>\r\n    <\/figure>\r\n\r\n    <div class=\"room-details\">\r\n\r\n        <h3 class=\"room-title\">\r\n            <a href=\"https:\/\/valeta.gr\/de\/rooms\/appartements\/\">Appartements<\/a>\r\n        <\/h3>\r\n\r\n        \r\n    <\/div>\r\n\r\n<\/div>\n                    <\/div>\n\t                                      <!-- Room Item -->\n                      <div class=\"col-lg-6 col-sm-6\">\n\n                      \r\n<div class=\"room-item \">\r\n\r\n    <figure class=\"room-image gradient-overlay overlay-opacity-02 slide-right-hover\">\r\n                <a href=\"https:\/\/valeta.gr\/de\/rooms\/studios\/\">\r\n            <img decoding=\"async\" src=\"https:\/\/valeta.gr\/wp-content\/uploads\/2021\/05\/DSC_7452-720x470.jpg\" alt=\"Studios\">\r\n        <\/a>\r\n    <\/figure>\r\n\r\n    <div class=\"room-details\">\r\n\r\n        <h3 class=\"room-title\">\r\n            <a href=\"https:\/\/valeta.gr\/de\/rooms\/studios\/\">Studios<\/a>\r\n        <\/h3>\r\n\r\n        \r\n    <\/div>\r\n\r\n<\/div>\n                    <\/div>\n\t                \t                            <\/div>\n\n        [vc_empty_space height=&#8221;30&#8243;]\r\n        \r\n        <style>\r\n\t\t\t\t#btn-container-0s2gz {\r\n\t\t\t\t\tfont-size: 16px;\r\n\t\t\t\t\tfont-weight: bold;\r\n\t\t\t\t}\r\n        #btn-0s2gz {\r\n        \tbackground: rgba(255,255,255,0.01);\r\n\t\t\t\t\tborder-style: solid;\r\n        \tborder-color: #1e73be;\r\n\t\t\t\t\tborder-width: 2px;\r\n        \tcolor: #1e73be;\r\n\t\t\t\t\tpadding: 6px 12px;\r\n\t\t\t\t\tborder-radius: 2px;\r\n\t\t\t\t\tfont-size: 16px;\r\n\t\t\t\t\tline-height: 16px;\r\n\t\t\t\t\t\t\t\t\t\t\t\t\t\t\tfont-weight: bold;\r\n        }\r\n\r\n\t\t\t\t#btn-0s2gz:hover {\r\n\t\t\t\t\tbackground: #1e73be;\r\n\t\t\t\t\tborder-color: #1e73be;\r\n\t\t\t\t\tcolor: #ffffff;\r\n\t\t\t\t\t\t\t\t\t\tbox-shadow: 0 15px 30px rgba(0, 0, 0, 0.10);\r\n\t\t\t\t\t\t\t\t\t\t\t\t\t\t\t\t\t\t\t\t-ms-transform: translateY(-2px);\r\n\t\t\t\t\ttransform: translateY(-2px);\r\n\t\t\t\t\t-webkit-transform: translateY(-2px);\r\n\t\t\t\t\t\r\n\t\t\t\t}\r\n\r\n\t\t    #btn-0s2gz i {\r\n\t\t\t\t\tright: 14px;\r\n\t\t\t\t\tmargin-top: 0;\r\n\t\t\t\t\tvertical-align: middle;\r\n\t\t\t\t\tborder-radius: 50%;\r\n\t\t\t\t\tline-height: 20px;\r\n\t\t\t\t\theight: 20px;\r\n\t\t\t\t\twidth: 20px;\r\n\t\t\t\t\tbackground: #1e73be;\r\n\t\t\t\t\tmargin-left: 8px;\r\n\t\t\t\t\tmargin-right: 0;\r\n\t\t\t\t\tcolor: #ffffff;\r\n\t\t\t\t\tfont-size: 8px;\r\n\t\t\t\t\ttext-align: center;\r\n\t\t\t\t}\r\n\r\n\t\t\t\t #btn-0s2gz:hover i {\r\n\t\t\t\t \tbackground: #ffffff;\r\n\t\t\t\t\tcolor: #1e73be;\r\n\t\t\t\t }\r\n\r\n        <\/style>\r\n\r\n\t\t<!-- BUTTON -->\r\n        <div id=\"btn-container-0s2gz\" class=\"text-center\">\r\n\t\t\t\r\n\t\t\t\t\t<a href=\"https:\/\/valeta.gr\/?eagle_rooms=deluxe-room\" id=\"btn-0s2gz\" class=\"btn \" target=\"_self\">\r\n\t\t\t\t\t\tview all rooms\t\t\t\t\t\t\t\t\t\t\t\t<i class=\"fa fa fa-chevron-right\"><\/i>\r\n\t\t\t\t\t\t\t\t\t\t\t<\/a>\r\n\t\t\t\t\t        <\/div>\r\n\r\n        [\/vc_column][\/vc_row][vc_row full_width=&#8221;stretch_row&#8221; css=&#8221;.vc_custom_1531841302974{border-top-width: 1px !important;border-bottom-width: 1px !important;padding-top: 100px !important;padding-bottom: 100px !important;border-top-color: #f2f2f2 !important;border-top-style: solid !important;border-bottom-color: #f2f2f2 !important;border-bottom-style: solid !important;}&#8221;][vc_column]\t\t\t<div\r\n\t\t\t\tclass=\"main_title  text-center  \">\r\n\t\t\t\t<h2 class=\"title\">VALETA HIGHLIGHTS<\/h2>\r\n\t\t\t\t\t\t\t\t\t<p class=\"main_description\">Why our guests prefer us<\/p>\r\n\t\t\t\t\t\t\t<\/div>\r\n\t\t\r\n      \r\n    <script>\r\n      jQuery(document).ready(function ($) {\r\n        $('#features-slider-ZnlMU').owlCarousel({\r\n            thumbs: true,\r\n            thumbsPrerendered: true,\r\n            items: 1,\r\n                        loop: true,\r\n                        autoplay: true,\r\n                        dots: false,\r\n            nav: false,\r\n            touchDrag  : true,\r\n            mouseDrag  : false\r\n          });\r\n      });\r\n    <\/script>\r\n\r\n\r\n    <div class=\"features\">\r\n      <div class=\"row\">\r\n          <div class=\"col-md-7\">\r\n              <div data-slider-id=\"features-ZnlMU\" id=\"features-slider-ZnlMU\" class=\"main-image owl-carousel\">\r\n\r\n\r\n  <div class=\"gradient-overlay overlay-opacity-02\"><img decoding=\"async\" src=\"https:\/\/valeta.gr\/wp-content\/uploads\/2021\/05\/messakti.jpg\" class=\"img-responsive\" alt=\"Sea View\"><\/div>\r\n\r\n  \r\n  <div class=\"gradient-overlay overlay-opacity-02\"><img decoding=\"async\" src=\"https:\/\/valeta.gr\/wp-content\/uploads\/2021\/05\/valeta-3-076-scaled.jpg\" class=\"img-responsive\" alt=\"Canoe\"><\/div>\r\n\r\n  \r\n  <div class=\"gradient-overlay overlay-opacity-02\"><img decoding=\"async\" src=\"https:\/\/valeta.gr\/wp-content\/uploads\/2020\/05\/new-fot-040f.jpg\" class=\"img-responsive\" alt=\"Umbrellas for the sun\"><\/div>\r\n\r\n  \r\n  <div class=\"gradient-overlay overlay-opacity-02\"><img decoding=\"async\" src=\"https:\/\/valeta.gr\/wp-content\/uploads\/2021\/05\/DSCN1328.jpg\" class=\"img-responsive\" alt=\"Reception\"><\/div>\r\n\r\n  <\/div>\r\n<\/div>\r\n<div class=\"col-md-5\">\r\n  <div class=\"owl-thumbs\" data-slider-id=\"features-ZnlMU\">\r\n\r\n    \r\n    <!-- SLIDE -->\r\n    <div class=\"owl-thumb-item\">\r\n        <span class=\"media-left\"><image src=\"https:\/\/valeta.gr\/wp-content\/uploads\/2021\/05\/messakti.jpg\" alt=\"Sea View\"><\/span>\r\n        <div class=\"media-body\">\r\n            <h3>Sea View<\/h3>\r\n            <p>You can enjoy the incretible beach of Armenistis and the Aegean sea!!! <\/p>\r\n        <\/div>\r\n    <\/div>\r\n\r\n    \r\n    <!-- SLIDE -->\r\n    <div class=\"owl-thumb-item\">\r\n        <span class=\"media-left\"><image src=\"https:\/\/valeta.gr\/wp-content\/uploads\/2021\/05\/valeta-3-076-scaled.jpg\" alt=\"Canoe\"><\/span>\r\n        <div class=\"media-body\">\r\n            <h3>Canoe<\/h3>\r\n            <p>We have Canoe, and you can use it when the weather is ideal!!!<\/p>\r\n        <\/div>\r\n    <\/div>\r\n\r\n    \r\n    <!-- SLIDE -->\r\n    <div class=\"owl-thumb-item\">\r\n        <span class=\"media-left\"><image src=\"https:\/\/valeta.gr\/wp-content\/uploads\/2020\/05\/new-fot-040f.jpg\" alt=\"Umbrellas for the sun\"><\/span>\r\n        <div class=\"media-body\">\r\n            <h3>Umbrellas for the sun<\/h3>\r\n            <p>You can use the umbrellas for the sun in the balcony.<\/p>\r\n        <\/div>\r\n    <\/div>\r\n\r\n    \r\n    <!-- SLIDE -->\r\n    <div class=\"owl-thumb-item\">\r\n        <span class=\"media-left\"><image src=\"https:\/\/valeta.gr\/wp-content\/uploads\/2021\/05\/DSCN1328.jpg\" alt=\"Reception\"><\/span>\r\n        <div class=\"media-body\">\r\n            <h3>Reception<\/h3>\r\n            <p>Reception area with a library and satellite television.<\/p>\r\n        <\/div>\r\n    <\/div>\r\n\r\n    \r\n  <\/div>\r\n<\/div>\r\n<\/div>\r\n<\/div>\r\n\r\n  [\/vc_column][\/vc_row][vc_row full_width=&#8221;stretch_row&#8221; parallax=&#8221;content-moving&#8221; css=&#8221;.vc_custom_1532817488354{padding-top: 100px !important;padding-bottom: 100px !important;background-image: url(https:\/\/valeta.gr\/wp-content\/uploads\/2018\/03\/video_bg.jpg?id=324) !important;}&#8221; el_class=&#8221;color-overlay&#8221;][vc_column]\r\n        <div class=\"video_popup\">\r\n            <a class=\"popup-vimeo\" href=\"https:\/\/www.youtube.com\/watch?v=TCvxyUWnXxM\"><i class=\"las la-play\"><\/i><\/a>\r\n        <\/div>\r\n\r\n        [\/vc_column][\/vc_row][vc_row full_width=&#8221;stretch_row&#8221; css=&#8221;.vc_custom_1531734543892{padding-top: 100px !important;padding-bottom: 100px !important;}&#8221;][vc_column]\t\t\t<div\r\n\t\t\t\tclass=\"main_title  text-center  \">\r\n\t\t\t\t<h2 class=\"title\">DISCOVER OUR ISLAND<\/h2>\r\n\t\t\t\t\t\t\t\t\t<p class=\"main_description\">Places you must explore this summer<\/p>\r\n\t\t\t\t\t\t\t<\/div>\r\n\t\t\r\n  <div class=\"row\">\r\n\r\n    \r\n      \r\n          <div class=\"col-md-6 first-place\">\r\n            <div class=\"place-item\">\r\n              <figure class=\"gradient-overlay zoom-hover\">\r\n                <a href=\"https:\/\/valeta.gr\/de\/places\/straende\/\">\r\n                  <img decoding=\"async\" src=\"https:\/\/valeta.gr\/wp-content\/uploads\/2018\/04\/messakti-720x470.jpg\" class=\"img-responsive\" alt=\"Str\u00e4nde\">\r\n\r\n                    <h3 class=\"place-title\">Str\u00e4nde<\/h3>\r\n\r\n                <\/a>\r\n              <\/figure>\r\n            <\/div>\r\n          <\/div>\r\n\r\n      \r\n\t\t\r\n      \r\n          <div class=\"col-md-6 second-place\">\r\n            <div class=\"place-item\">\r\n              <figure class=\"gradient-overlay zoom-hover\">\r\n                <a href=\"https:\/\/valeta.gr\/de\/places\/armenistis\/\">\r\n                  <img decoding=\"async\" src=\"https:\/\/valeta.gr\/wp-content\/uploads\/2018\/04\/livadi-720x470.jpg\" class=\"img-responsive\" alt=\"Armenistis\">\r\n\r\n                    <h3 class=\"place-title\">Armenistis<\/h3>\r\n\r\n                <\/a>\r\n              <\/figure>\r\n            <\/div>\r\n          <\/div>\r\n\r\n      \r\n\t\t\r\n              <div class=\"col-lg-6\">\r\n          <div class=\"row\">\r\n      \r\n          <div class=\"col-md-6 third-place\">\r\n            <div class=\"place-item\">\r\n              <figure class=\"gradient-overlay zoom-hover\">\r\n                <a href=\"https:\/\/valeta.gr\/de\/places\/unterhaltung\/\">\r\n                  <img decoding=\"async\" src=\"https:\/\/valeta.gr\/wp-content\/uploads\/2018\/03\/raches-720x470.jpg\" class=\"img-responsive\" alt=\"Unterhaltung\">\r\n\r\n                    <h3 class=\"place-title\">Unterhaltung<\/h3>\r\n\r\n                <\/a>\r\n              <\/figure>\r\n            <\/div>\r\n          <\/div>\r\n\r\n      \r\n\t\t\r\n      \r\n          <div class=\"col-md-6 fourth-place\">\r\n            <div class=\"place-item\">\r\n              <figure class=\"gradient-overlay zoom-hover\">\r\n                <a href=\"https:\/\/valeta.gr\/de\/places\/langlebigkeit\/\">\r\n                  <img decoding=\"async\" src=\"https:\/\/valeta.gr\/wp-content\/uploads\/2018\/04\/evdilos-720x470.jpg\" class=\"img-responsive\" alt=\"Langlebigkeit\">\r\n\r\n                    <h3 class=\"place-title\">Langlebigkeit<\/h3>\r\n\r\n                <\/a>\r\n              <\/figure>\r\n            <\/div>\r\n          <\/div>\r\n\r\n                <\/div>\r\n        <\/div>\r\n      \r\n\t\t\r\n  <\/div>\r\n\r\n    [vc_empty_space height=&#8221;30&#8243;]\r\n        \r\n        <style>\r\n\t\t\t\t#btn-container-1RtNM {\r\n\t\t\t\t\tfont-size: 17px;\r\n\t\t\t\t\tfont-weight: bold;\r\n\t\t\t\t}\r\n        #btn-1RtNM {\r\n        \tbackground: #ffffff;\r\n\t\t\t\t\tborder-style: solid;\r\n        \tborder-color: #ffffff;\r\n\t\t\t\t\tborder-width: 0px;\r\n        \tcolor: #1e73be;\r\n\t\t\t\t\tpadding: 5px 8px;\r\n\t\t\t\t\tborder-radius: 50px;\r\n\t\t\t\t\tfont-size: 17px;\r\n\t\t\t\t\tline-height: 17px;\r\n\t\t\t\t\t\t\t\t\t\t\t\t\t\t\tfont-weight: bold;\r\n        }\r\n\r\n\t\t\t\t#btn-1RtNM:hover {\r\n\t\t\t\t\tbackground: #1e73be;\r\n\t\t\t\t\tborder-color: #1e73be;\r\n\t\t\t\t\tcolor: #ffffff;\r\n\t\t\t\t\t\t\t\t\t\t\t\t\t\t\t\r\n\t\t\t\t}\r\n\r\n\t\t    #btn-1RtNM i {\r\n\t\t\t\t\tright: 14px;\r\n\t\t\t\t\tmargin-top: 0;\r\n\t\t\t\t\tvertical-align: middle;\r\n\t\t\t\t\tborder-radius: 50%;\r\n\t\t\t\t\tline-height: 20px;\r\n\t\t\t\t\theight: 20px;\r\n\t\t\t\t\twidth: 20px;\r\n\t\t\t\t\tbackground: #1e73be;\r\n\t\t\t\t\tmargin-left: 8px;\r\n\t\t\t\t\tmargin-right: 0;\r\n\t\t\t\t\tcolor: #ffffff;\r\n\t\t\t\t\tfont-size: 8px;\r\n\t\t\t\t\ttext-align: center;\r\n\t\t\t\t}\r\n\r\n\t\t\t\t #btn-1RtNM:hover i {\r\n\t\t\t\t \tbackground: #ffffff;\r\n\t\t\t\t\tcolor: #1e73be;\r\n\t\t\t\t }\r\n\r\n        <\/style>\r\n\r\n\t\t<!-- BUTTON -->\r\n        <div id=\"btn-container-1RtNM\" class=\"text-center\">\r\n\t\t\t\t\t\t<span>Check out more<\/span>\r\n\t\t\t  \t\r\n\t\t\t\t\t<a href=\"https:\/\/valeta.gr\/?page_id=361\" id=\"btn-1RtNM\" class=\"btn \" target=\"_blank\">\r\n\t\t\t\t\t\tIkaria\t\t\t\t\t\t\t\t\t\t\t\t<i class=\"fa fa fa-chevron-right\"><\/i>\r\n\t\t\t\t\t\t\t\t\t\t\t<\/a>\r\n\t\t\t\t\t\t\t\t\t\t<span>now<\/span>\r\n\t\t\t        <\/div>\r\n\r\n        [\/vc_column][\/vc_row][vc_row full_width=&#8221;stretch_row&#8221; css=&#8221;.vc_custom_1531644590382{border-top-width: 1px !important;border-bottom-width: 1px !important;padding-top: 100px !important;padding-bottom: 70px !important;background-color: #f5f3f0 !important;border-top-color: #f0f0f0 !important;border-top-style: solid !important;border-bottom-color: #f0f0f0 !important;border-bottom-style: solid !important;}&#8221;][vc_column][vc_row_inner][vc_column_inner width=&#8221;1\/4&#8243;][\/vc_column_inner][vc_column_inner width=&#8221;1\/2&#8243;]\t\t\t<div\r\n\t\t\t\tclass=\"main_title  text-center  \">\r\n\t\t\t\t<h2 class=\"title\">GUESTBOOK<\/h2>\r\n\t\t\t\t\t\t\t\t\t<p class=\"main_description\">What our guests are saying about us<\/p>\r\n\t\t\t\t\t\t\t<\/div>\r\n\t\t[\/vc_column_inner][vc_column_inner width=&#8221;1\/4&#8243;][\/vc_column_inner][\/vc_row_inner]\r\n        <div class=\"row flex-row\">\r\n            \t\t\t\t\t\t\t\t<!-- TESTIMONIAL GRID ITEM -->\r\n                <div class=\"col-lg-4 col-sm-6 \">\r\n                    <div class=\"testimonial-item\">\r\n\t\t                  <div class=\"review\">\r\n\t\t                        <h3>Our Magical Secret ! ssh!<\/h3>\r\n                                <div class=\"rating\">\r\n                                    <i class=\"fa fa-star\" aria-hidden=\"true\"><\/i><i class=\"fa fa-star\" aria-hidden=\"true\"><\/i><i class=\"fa fa-star\" aria-hidden=\"true\"><\/i><i class=\"fa fa-star\" aria-hidden=\"true\"><\/i><i class=\"fa fa-star\" aria-hidden=\"true\"><\/i>                                <\/div>\r\n\t\t                        <p>We have been to Valeta 10 times and are returning again this year\u2026. need I say more ![\u2026] The apartments are typical of Greece, the kitchenette is adequately equipped and includes a kettle , the whole apartment is always spotlessly clean. The apartments \/ studios are very light and airy and the outside stone work makes them very attractive. The view and position on the rocks with the sea lapping below is perfectly magical. The two best beaches on the island are situated one each side of Valeta.\r\nThey are family owned and Kostas, Sophia and their boys live on the site if any problems arise.\r\n\r\nA young at heart retired couple from Shropshire, England!<\/p>\r\n\t\t                    <\/div>\r\n\t\t                    <div class=\"author\">\r\n                                \t\t                        <div class=\"author-info\">\r\n\t\t                            <h5>Edward<\/h5>\r\n\t\t                            <span class=\"author-loacation\">England<\/span>\r\n\t\t                        <\/div>\r\n\t\t                    <\/div>\r\n\t\t              <\/div>\r\n                <\/div>\r\n\r\n            \t\t\t\t\t\t\t\t<!-- TESTIMONIAL GRID ITEM -->\r\n                <div class=\"col-lg-4 col-sm-6 \">\r\n                    <div class=\"testimonial-item\">\r\n\t\t                  <div class=\"review\">\r\n\t\t                        <h3>Excellent location and apartment facilities<\/h3>\r\n                                <div class=\"rating\">\r\n                                    <i class=\"fa fa-star\" aria-hidden=\"true\"><\/i><i class=\"fa fa-star\" aria-hidden=\"true\"><\/i><i class=\"fa fa-star\" aria-hidden=\"true\"><\/i><i class=\"fa fa-star\" aria-hidden=\"true\"><\/i><i class=\"fa fa-star\" aria-hidden=\"true\"><\/i>                                <\/div>\r\n\t\t                        <p>We have been many time in Valeta studios. This is perfectly located between 2 major sand beaches. Owners are very sweet and helpful. Quiet, restfull and beautiful, you are also close to a supermarket and a charming little town called Armenistis, you can even easily walk to it\u2026\r\nWe come back almost every year and each time we keep great memories\u2026<\/p>\r\n\t\t                    <\/div>\r\n\t\t                    <div class=\"author\">\r\n                                \t\t                        <div class=\"author-info\">\r\n\t\t                            <h5>Stephane<\/h5>\r\n\t\t                            <span class=\"author-loacation\">Paris<\/span>\r\n\t\t                        <\/div>\r\n\t\t                    <\/div>\r\n\t\t              <\/div>\r\n                <\/div>\r\n\r\n            \t\t\t\t\t\t\t\t<!-- TESTIMONIAL GRID ITEM -->\r\n                <div class=\"col-lg-4 col-sm-6 \">\r\n                    <div class=\"testimonial-item\">\r\n\t\t                  <div class=\"review\">\r\n\t\t                        <h3>Perfect family vacations<\/h3>\r\n                                <div class=\"rating\">\r\n                                    <i class=\"fa fa-star\" aria-hidden=\"true\"><\/i><i class=\"fa fa-star\" aria-hidden=\"true\"><\/i><i class=\"fa fa-star\" aria-hidden=\"true\"><\/i><i class=\"fa fa-star\" aria-hidden=\"true\"><\/i><i class=\"fa fa-star\" aria-hidden=\"true\"><\/i>                                <\/div>\r\n\t\t                        <p>We spent there 6 nights with our two kids in July and it was really great. The room decoration is ok but what is very important is that they are very spacious which is very convenient when you have children. But the best thing was the balcony and the location just over the sea and on walking distance of two wonderful sandy beach and very close to Armenistis. It was perfect!\r\nThe owners were also very kind and helpful.[..] I would definitely go back and I recommended it to all my friends.<\/p>\r\n\t\t                    <\/div>\r\n\t\t                    <div class=\"author\">\r\n                                \t\t                        <div class=\"author-info\">\r\n\t\t                            <h5>Elise<\/h5>\r\n\t\t                            <span class=\"author-loacation\">Athens, Greece<\/span>\r\n\t\t                        <\/div>\r\n\t\t                    <\/div>\r\n\t\t              <\/div>\r\n                <\/div>\r\n\r\n                                <\/div>\r\n\r\n        [\/vc_column][\/vc_row]<\/p>\n<\/div>","protected":false},"excerpt":{"rendered":"<p>[vc_row full_width=&#8221;stretch_row_content_no_spaces&#8221;][vc_column][rev_slider_vc alias=&#8221;slider-1it-1&#8243; el_class=&#8221;color-overlay-slider overlay-opacity-01&#8243;][\/vc_column][\/vc_row][vc_row][vc_column][\/vc_column][\/vc_row][vc_row full_width=&#8221;stretch_row&#8221; css=&#8221;.vc_custom_1531848941252{padding-top: 100px !important;padding-bottom: 100px !important;}&#8221;][vc_column width=&#8221;1\/2&#8243;][vc_column_text]Die Valeta Studios und Appartements hei\u00dfen Sie in Armenistis willkommen, einem malerischen, am Meer liegenden Dorf auf Ikaria, gelegen an einem idealen Standort zwischen den beiden goldenen Str\u00e4nden von Livadi und Mesakti. Der Komplex besteht aus Studios und Appartements, die einen erstaunlichen Blick aufs [&hellip;]<\/p>\n","protected":false},"author":1,"featured_media":0,"parent":0,"menu_order":0,"comment_status":"closed","ping_status":"closed","template":"","meta":{"footnotes":""},"class_list":["post-3285","page","type-page","status-publish","hentry"],"_links":{"self":[{"href":"https:\/\/valeta.gr\/de\/wp-json\/wp\/v2\/pages\/3285","targetHints":{"allow":["GET"]}}],"collection":[{"href":"https:\/\/valeta.gr\/de\/wp-json\/wp\/v2\/pages"}],"about":[{"href":"https:\/\/valeta.gr\/de\/wp-json\/wp\/v2\/types\/page"}],"author":[{"embeddable":true,"href":"https:\/\/valeta.gr\/de\/wp-json\/wp\/v2\/users\/1"}],"replies":[{"embeddable":true,"href":"https:\/\/valeta.gr\/de\/wp-json\/wp\/v2\/comments?post=3285"}],"version-history":[{"count":17,"href":"https:\/\/valeta.gr\/de\/wp-json\/wp\/v2\/pages\/3285\/revisions"}],"predecessor-version":[{"id":3892,"href":"https:\/\/valeta.gr\/de\/wp-json\/wp\/v2\/pages\/3285\/revisions\/3892"}],"wp:attachment":[{"href":"https:\/\/valeta.gr\/de\/wp-json\/wp\/v2\/media?parent=3285"}],"curies":[{"name":"wp","href":"https:\/\/api.w.org\/{rel}","templated":true}]}}